{"id":241,"date":"2024-02-27T07:49:39","date_gmt":"2024-02-27T07:49:39","guid":{"rendered":"https:\/\/sma.ee\/?page_id=241"},"modified":"2024-09-18T08:34:00","modified_gmt":"2024-09-18T08:34:00","slug":"arhitektuur","status":"publish","type":"page","link":"https:\/\/sma.ee\/en\/arhitektuur\/","title":{"rendered":"Architecture"},"content":{"rendered":"<section class=\"bde-section-241-156 bde-section\">\n  \n  \n\t\n\n\n\n<div class=\"section-container\"><h1 class=\"bde-heading-241-157 bde-heading\">\nArchitecture\n<\/h1><div class=\"bde-fancy-divider-241-158 bde-fancy-divider\">\n\n\n<div class=\"bde-fancy-divider__wrapper\">\n  <div class=\"bde-fancy-divider__separator\">\n  \t  <\/div>\n<\/div>\n\n<\/div><\/div>\n<\/section><section class=\"bde-section-241-102 bde-section\">\n  \n  \n\t\n\n\n\n<div class=\"section-container\"><div class=\"bde-columns-241-123 bde-columns\"><div class=\"bde-column-241-124 bde-column\">\n  \n  \n\t\n\n\n\n<div class=\"bde-image-241-125 bde-image\">\n<figure class=\"breakdance-image breakdance-image--243\">\n\t<div class=\"breakdance-image-container\">\n\t\t<div class=\"breakdance-image-clip\"><img loading=\"lazy\" decoding=\"async\" class=\"breakdance-image-object\" src=\"https:\/\/sma.ee\/wp-content\/uploads\/2024\/02\/Elamu_Raua_bckd_2_1920x1080.jpg\" width=\"1920\" height=\"1080\" srcset=\"https:\/\/sma.ee\/wp-content\/uploads\/2024\/02\/Elamu_Raua_bckd_2_1920x1080.jpg 1920w, https:\/\/sma.ee\/wp-content\/uploads\/2024\/02\/Elamu_Raua_bckd_2_1920x1080-300x169.jpg 300w, https:\/\/sma.ee\/wp-content\/uploads\/2024\/02\/Elamu_Raua_bckd_2_1920x1080-1024x576.jpg 1024w, https:\/\/sma.ee\/wp-content\/uploads\/2024\/02\/Elamu_Raua_bckd_2_1920x1080-768x432.jpg 768w, https:\/\/sma.ee\/wp-content\/uploads\/2024\/02\/Elamu_Raua_bckd_2_1920x1080-1536x864.jpg 1536w\" sizes=\"auto, (max-width: 1920px) 100vw, 1920px\"><\/div>\n\t<\/div><\/figure>\n\n<\/div><div class=\"bde-image-241-131 bde-image\">\n<figure class=\"breakdance-image breakdance-image--244\">\n\t<div class=\"breakdance-image-container\">\n\t\t<div class=\"breakdance-image-clip\"><img loading=\"lazy\" decoding=\"async\" class=\"breakdance-image-object\" src=\"https:\/\/sma.ee\/wp-content\/uploads\/2024\/02\/Eramu_Sambliku_bckd_interior_2_1920x1080.jpg\" width=\"1920\" height=\"1080\" srcset=\"https:\/\/sma.ee\/wp-content\/uploads\/2024\/02\/Eramu_Sambliku_bckd_interior_2_1920x1080.jpg 1920w, https:\/\/sma.ee\/wp-content\/uploads\/2024\/02\/Eramu_Sambliku_bckd_interior_2_1920x1080-300x169.jpg 300w, https:\/\/sma.ee\/wp-content\/uploads\/2024\/02\/Eramu_Sambliku_bckd_interior_2_1920x1080-1024x576.jpg 1024w, https:\/\/sma.ee\/wp-content\/uploads\/2024\/02\/Eramu_Sambliku_bckd_interior_2_1920x1080-768x432.jpg 768w, https:\/\/sma.ee\/wp-content\/uploads\/2024\/02\/Eramu_Sambliku_bckd_interior_2_1920x1080-1536x864.jpg 1536w\" sizes=\"auto, (max-width: 1920px) 100vw, 1920px\"><\/div>\n\t<\/div><\/figure>\n\n<\/div>\n<\/div><div class=\"bde-column-241-126 bde-column\">\n  \n  \n\t\n\n\n\n<h4 class=\"bde-heading-241-128 bde-heading\">\nArchitecture is the process of creating an integrated solution for a building. It involves deciding on the layout of rooms and the connections between them, the building\u2019s outward appearance and its interior design.<br>\n<\/h4><div class=\"bde-rich-text-241-132 bde-rich-text breakdance-rich-text-styles\">\n<p class=\"translation-block\">The building code and the norms and standards in the field form the basis of any architecture project. Architecture is the process of creating an integrated solution for a building or structure. This involves deciding on the layout of rooms and spaces and the connections between them, the outward appearance of the structure and its interior design. The solution devised for the exterior of a building is influenced by how well it will fit in with its surroundings, which materials the client favours and any directives or restrictions imposed by the land on which it is to be built.<\/p>\n<p>An architectural project is drafted by an architect in cooperation with the client, while certain elements require them to consult engineers and the local government.<\/p>\n<p>The time it takes to draft a project (from launch to e.g. obtaining a building permit) depends on the size and location of the building and property, how responsive the local government planning office is and how cooperative other stakeholders are.<\/p>\n<p class=\"translation-block\">A digital geodetic map on a scale of 1:500 and the conditions set for the property are required in order for a project to be drafted.<\/p>\n<\/div>\n<\/div><\/div><\/div>\n<\/section><section class=\"bde-section-241-159 bde-section\">\n  \n  \n\t\n\n\n\n<div class=\"section-container\"><div class=\"bde-columns-241-160 bde-columns\"><div class=\"bde-column-241-161 bde-column\">\n  \n  \n\t\n\n\n\n<div class=\"bde-image-241-162 bde-image\">\n<figure class=\"breakdance-image breakdance-image--27\">\n\t<div class=\"breakdance-image-container\">\n\t\t<div class=\"breakdance-image-clip\"><img loading=\"lazy\" decoding=\"async\" class=\"breakdance-image-object\" src=\"https:\/\/sma.ee\/wp-content\/uploads\/2024\/02\/1_PS-cropped-scaled-1.jpg\" width=\"2560\" height=\"2458\" srcset=\"https:\/\/sma.ee\/wp-content\/uploads\/2024\/02\/1_PS-cropped-scaled-1.jpg 2560w, https:\/\/sma.ee\/wp-content\/uploads\/2024\/02\/1_PS-cropped-scaled-1-300x288.jpg 300w, https:\/\/sma.ee\/wp-content\/uploads\/2024\/02\/1_PS-cropped-scaled-1-1024x983.jpg 1024w, https:\/\/sma.ee\/wp-content\/uploads\/2024\/02\/1_PS-cropped-scaled-1-768x737.jpg 768w, https:\/\/sma.ee\/wp-content\/uploads\/2024\/02\/1_PS-cropped-scaled-1-1536x1475.jpg 1536w, https:\/\/sma.ee\/wp-content\/uploads\/2024\/02\/1_PS-cropped-scaled-1-2048x1966.jpg 2048w\" sizes=\"auto, (max-width: 2560px) 100vw, 2560px\"><\/div>\n\t<\/div><\/figure>\n\n<\/div>\n<\/div><div class=\"bde-column-241-163 bde-column\">\n  \n  \n\t\n\n\n\n<h2 class=\"bde-heading-241-164 bde-heading\">\nMore than 2000 successful projects\n<\/h2><div class=\"bde-text-241-165 bde-text\">\nOleme teostanud \u00fcle 1500 projekti Eestis, Norras, Rootsis ja Soomes.\n<\/div><div class=\"bde-text-241-166 bde-text\">\nWe specialise in designing large office, commercial and production buildings, but our portfolio also includes schools, kindergartens, private homes and special-purpose structures.\n<\/div><div class=\"bde-button-241-167 bde-button\">\n        \n    \n    \n    \n    \n            \n                    \n            \n            \n\n    \n    \n    \n    \n    \n    <a class=\"breakdance-link button-atom button-atom--primary bde-button__button\" href=\"#kontakt\" target=\"_self\" data-type=\"url\"  >\n\n    \n        <span class=\"button-atom__text\">Ask us for an offer<\/span>\n\n        \n        \n                <\/a>\n\n    \n\n\n<\/div>\n<\/div><\/div><\/div>\n<\/section>","protected":false},"excerpt":{"rendered":"<p>Arhitektuur Arhitektuur on eesm\u00e4rgip\u00e4rane hoone terviklahenduse loomine, mis h\u00f5lmab endas ruumide paiknemist, omavahelisi seoseid, hoone visuaalset v\u00e4lisilmet ja sisekujunduslikku poolt. Iga arhitektuurse projekti\u00a0 koostamise aluseks on\u00a0ehituseadustik, standardid ja normid. Arhitektuur on eesm\u00e4rgip\u00e4rane hoone v\u00f5i rajatise terviklahenduse loomine. Terviklahendus h\u00f5lmab endas ruumide paiknemist, omavahelisi seoseid ja sisekujunduslikku poolt ning\u00a0 hoone visuaalset v\u00e4lisilmet. V\u00e4lisilme lahendus on seotud [&hellip;]<\/p>\n","protected":false},"author":1,"featured_media":0,"parent":0,"menu_order":0,"comment_status":"closed","ping_status":"closed","template":"","meta":{"_acf_changed":false,"_breakdance_hide_in_design_set":false,"_breakdance_tags":"","footnotes":""},"class_list":["post-241","page","type-page","status-publish","hentry"],"acf":[],"yoast_head":"<!-- This site is optimized with the Yoast SEO plugin v27.4 - https:\/\/yoast.com\/product\/yoast-seo-wordpress\/ -->\n<title>Arhitektuur - Sirkel &amp; Mall<\/title>\n<meta name=\"description\" content=\"Hoonete ja rajatiste arhitektuur. Kaasaegsed ja t\u00f6\u00f6tavad lahendused \u00e4ri-, kaubandus-, eluhoonetele ning koolidele ja lasteaedadele.\" \/>\n<meta name=\"robots\" content=\"index, follow, max-snippet:-1, max-image-preview:large, max-video-preview:-1\" \/>\n<link rel=\"canonical\" href=\"https:\/\/sma.ee\/en\/arhitektuur\/\" \/>\n<meta property=\"og:locale\" content=\"en_GB\" \/>\n<meta property=\"og:type\" content=\"article\" \/>\n<meta property=\"og:title\" content=\"Arhitektuur - Sirkel &amp; Mall\" \/>\n<meta property=\"og:description\" content=\"Hoonete ja rajatiste arhitektuur. Kaasaegsed ja t\u00f6\u00f6tavad lahendused \u00e4ri-, kaubandus-, eluhoonetele ning koolidele ja lasteaedadele.\" \/>\n<meta property=\"og:url\" content=\"https:\/\/sma.ee\/en\/arhitektuur\/\" \/>\n<meta property=\"og:site_name\" content=\"Sirkel &amp; Mall\" \/>\n<meta property=\"article:publisher\" content=\"https:\/\/www.facebook.com\/sirkelandmall\" \/>\n<meta property=\"article:modified_time\" content=\"2024-09-18T08:34:00+00:00\" \/>\n<meta name=\"twitter:card\" content=\"summary_large_image\" \/>\n<meta name=\"twitter:label1\" content=\"Estimated reading time\" \/>\n\t<meta name=\"twitter:data1\" content=\"2 minutes\" \/>\n<script type=\"application\/ld+json\" class=\"yoast-schema-graph\">{\"@context\":\"https:\\\/\\\/schema.org\",\"@graph\":[{\"@type\":\"WebPage\",\"@id\":\"https:\\\/\\\/sma.ee\\\/arhitektuur\\\/\",\"url\":\"https:\\\/\\\/sma.ee\\\/arhitektuur\\\/\",\"name\":\"Arhitektuur - Sirkel &amp; Mall\",\"isPartOf\":{\"@id\":\"https:\\\/\\\/sma.ee\\\/#website\"},\"datePublished\":\"2024-02-27T07:49:39+00:00\",\"dateModified\":\"2024-09-18T08:34:00+00:00\",\"description\":\"Hoonete ja rajatiste arhitektuur. Kaasaegsed ja t\u00f6\u00f6tavad lahendused \u00e4ri-, kaubandus-, eluhoonetele ning koolidele ja lasteaedadele.\",\"breadcrumb\":{\"@id\":\"https:\\\/\\\/sma.ee\\\/arhitektuur\\\/#breadcrumb\"},\"inLanguage\":\"en-GB\",\"potentialAction\":[{\"@type\":\"ReadAction\",\"target\":[\"https:\\\/\\\/sma.ee\\\/arhitektuur\\\/\"]}]},{\"@type\":\"BreadcrumbList\",\"@id\":\"https:\\\/\\\/sma.ee\\\/arhitektuur\\\/#breadcrumb\",\"itemListElement\":[{\"@type\":\"ListItem\",\"position\":1,\"name\":\"Home\",\"item\":\"https:\\\/\\\/sma.ee\\\/\"},{\"@type\":\"ListItem\",\"position\":2,\"name\":\"Arhitektuur\"}]},{\"@type\":\"WebSite\",\"@id\":\"https:\\\/\\\/sma.ee\\\/#website\",\"url\":\"https:\\\/\\\/sma.ee\\\/\",\"name\":\"Sirkel & Mall\",\"description\":\"Estonia's best architecture firm\",\"publisher\":{\"@id\":\"https:\\\/\\\/sma.ee\\\/#organization\"},\"potentialAction\":[{\"@type\":\"SearchAction\",\"target\":{\"@type\":\"EntryPoint\",\"urlTemplate\":\"https:\\\/\\\/sma.ee\\\/?s={search_term_string}\"},\"query-input\":{\"@type\":\"PropertyValueSpecification\",\"valueRequired\":true,\"valueName\":\"search_term_string\"}}],\"inLanguage\":\"en-GB\"},{\"@type\":\"Organization\",\"@id\":\"https:\\\/\\\/sma.ee\\\/#organization\",\"name\":\"Sirkel & Mall\",\"url\":\"https:\\\/\\\/sma.ee\\\/\",\"logo\":{\"@type\":\"ImageObject\",\"inLanguage\":\"en-GB\",\"@id\":\"https:\\\/\\\/sma.ee\\\/#\\\/schema\\\/logo\\\/image\\\/\",\"url\":\"https:\\\/\\\/sma.ee\\\/wp-content\\\/uploads\\\/2024\\\/02\\\/cropped-cropped-SirkelMall_icon512-2.png\",\"contentUrl\":\"https:\\\/\\\/sma.ee\\\/wp-content\\\/uploads\\\/2024\\\/02\\\/cropped-cropped-SirkelMall_icon512-2.png\",\"width\":512,\"height\":512,\"caption\":\"Sirkel & Mall\"},\"image\":{\"@id\":\"https:\\\/\\\/sma.ee\\\/#\\\/schema\\\/logo\\\/image\\\/\"},\"sameAs\":[\"https:\\\/\\\/www.facebook.com\\\/sirkelandmall\",\"https:\\\/\\\/www.linkedin.com\\\/company\\\/sirkeljamall\"]}]}<\/script>\n<!-- \/ Yoast SEO plugin. -->","yoast_head_json":{"title":"Arhitektuur - Sirkel &amp; Mall","description":"Hoonete ja rajatiste arhitektuur. Kaasaegsed ja t\u00f6\u00f6tavad lahendused \u00e4ri-, kaubandus-, eluhoonetele ning koolidele ja lasteaedadele.","robots":{"index":"index","follow":"follow","max-snippet":"max-snippet:-1","max-image-preview":"max-image-preview:large","max-video-preview":"max-video-preview:-1"},"canonical":"https:\/\/sma.ee\/en\/arhitektuur\/","og_locale":"en_GB","og_type":"article","og_title":"Arhitektuur - Sirkel &amp; Mall","og_description":"Hoonete ja rajatiste arhitektuur. Kaasaegsed ja t\u00f6\u00f6tavad lahendused \u00e4ri-, kaubandus-, eluhoonetele ning koolidele ja lasteaedadele.","og_url":"https:\/\/sma.ee\/en\/arhitektuur\/","og_site_name":"Sirkel &amp; Mall","article_publisher":"https:\/\/www.facebook.com\/sirkelandmall","article_modified_time":"2024-09-18T08:34:00+00:00","twitter_card":"summary_large_image","twitter_misc":{"Estimated reading time":"2 minutes"},"schema":{"@context":"https:\/\/schema.org","@graph":[{"@type":"WebPage","@id":"https:\/\/sma.ee\/arhitektuur\/","url":"https:\/\/sma.ee\/arhitektuur\/","name":"Arhitektuur - Sirkel &amp; Mall","isPartOf":{"@id":"https:\/\/sma.ee\/#website"},"datePublished":"2024-02-27T07:49:39+00:00","dateModified":"2024-09-18T08:34:00+00:00","description":"Hoonete ja rajatiste arhitektuur. Kaasaegsed ja t\u00f6\u00f6tavad lahendused \u00e4ri-, kaubandus-, eluhoonetele ning koolidele ja lasteaedadele.","breadcrumb":{"@id":"https:\/\/sma.ee\/arhitektuur\/#breadcrumb"},"inLanguage":"en-GB","potentialAction":[{"@type":"ReadAction","target":["https:\/\/sma.ee\/arhitektuur\/"]}]},{"@type":"BreadcrumbList","@id":"https:\/\/sma.ee\/arhitektuur\/#breadcrumb","itemListElement":[{"@type":"ListItem","position":1,"name":"Home","item":"https:\/\/sma.ee\/"},{"@type":"ListItem","position":2,"name":"Arhitektuur"}]},{"@type":"WebSite","@id":"https:\/\/sma.ee\/#website","url":"https:\/\/sma.ee\/","name":"Sirkel &amp; Mall","description":"Estonia's best architecture firm","publisher":{"@id":"https:\/\/sma.ee\/#organization"},"potentialAction":[{"@type":"SearchAction","target":{"@type":"EntryPoint","urlTemplate":"https:\/\/sma.ee\/?s={search_term_string}"},"query-input":{"@type":"PropertyValueSpecification","valueRequired":true,"valueName":"search_term_string"}}],"inLanguage":"en-GB"},{"@type":"Organization","@id":"https:\/\/sma.ee\/#organization","name":"Sirkel &amp; Mall","url":"https:\/\/sma.ee\/","logo":{"@type":"ImageObject","inLanguage":"en-GB","@id":"https:\/\/sma.ee\/#\/schema\/logo\/image\/","url":"https:\/\/sma.ee\/wp-content\/uploads\/2024\/02\/cropped-cropped-SirkelMall_icon512-2.png","contentUrl":"https:\/\/sma.ee\/wp-content\/uploads\/2024\/02\/cropped-cropped-SirkelMall_icon512-2.png","width":512,"height":512,"caption":"Sirkel & Mall"},"image":{"@id":"https:\/\/sma.ee\/#\/schema\/logo\/image\/"},"sameAs":["https:\/\/www.facebook.com\/sirkelandmall","https:\/\/www.linkedin.com\/company\/sirkeljamall"]}]}},"_links":{"self":[{"href":"https:\/\/sma.ee\/en\/wp-json\/wp\/v2\/pages\/241","targetHints":{"allow":["GET"]}}],"collection":[{"href":"https:\/\/sma.ee\/en\/wp-json\/wp\/v2\/pages"}],"about":[{"href":"https:\/\/sma.ee\/en\/wp-json\/wp\/v2\/types\/page"}],"author":[{"embeddable":true,"href":"https:\/\/sma.ee\/en\/wp-json\/wp\/v2\/users\/1"}],"replies":[{"embeddable":true,"href":"https:\/\/sma.ee\/en\/wp-json\/wp\/v2\/comments?post=241"}],"version-history":[{"count":28,"href":"https:\/\/sma.ee\/en\/wp-json\/wp\/v2\/pages\/241\/revisions"}],"predecessor-version":[{"id":1166,"href":"https:\/\/sma.ee\/en\/wp-json\/wp\/v2\/pages\/241\/revisions\/1166"}],"wp:attachment":[{"href":"https:\/\/sma.ee\/en\/wp-json\/wp\/v2\/media?parent=241"}],"curies":[{"name":"wp","href":"https:\/\/api.w.org\/{rel}","templated":true}]}}