{"id":348,"date":"2024-03-01T06:48:51","date_gmt":"2024-03-01T06:48:51","guid":{"rendered":"https:\/\/sma.ee\/?page_id=348"},"modified":"2024-09-09T13:04:50","modified_gmt":"2024-09-09T13:04:50","slug":"teenused","status":"publish","type":"page","link":"https:\/\/sma.ee\/en\/teenused\/","title":{"rendered":"Our services"},"content":{"rendered":"<section class=\"bde-section-348-210 bde-section\">\n  \n  \n\t\n\n\n\n<div class=\"section-container\"><h1 class=\"bde-heading-348-211 bde-heading\">\nOur services\n<\/h1><div class=\"bde-fancy-divider-348-231 bde-fancy-divider\">\n\n\n<div class=\"bde-fancy-divider__wrapper\">\n  <div class=\"bde-fancy-divider__separator\">\n  \t  <\/div>\n<\/div>\n\n<\/div><\/div>\n<\/section><section class=\"bde-section-348-102 bde-section\">\n  \n  \n\t\n\n\n\n<div class=\"section-container\"><div id=\"konsultatsioon\" class=\"bde-columns-348-123 bde-columns\"><div class=\"bde-column-348-124 bde-column\">\n  \n  \n\t\n\n\n\n<div class=\"bde-image-348-125 bde-image\">\n<figure class=\"breakdance-image breakdance-image--22\">\n\t<div class=\"breakdance-image-container\">\n\t\t<div class=\"breakdance-image-clip\"><img loading=\"lazy\" decoding=\"async\" class=\"breakdance-image-object\" src=\"https:\/\/sma.ee\/wp-content\/uploads\/2024\/02\/Elva_Sport_vertical.jpg\" width=\"1080\" height=\"1440\" srcset=\"https:\/\/sma.ee\/wp-content\/uploads\/2024\/02\/Elva_Sport_vertical.jpg 1080w, https:\/\/sma.ee\/wp-content\/uploads\/2024\/02\/Elva_Sport_vertical-225x300.jpg 225w, https:\/\/sma.ee\/wp-content\/uploads\/2024\/02\/Elva_Sport_vertical-768x1024.jpg 768w\" sizes=\"auto, (max-width: 1080px) 100vw, 1080px\"><\/div>\n\t<\/div><\/figure>\n\n<\/div>\n<\/div><div class=\"bde-column-348-126 bde-column\">\n  \n  \n\t\n\n\n\n<h2 class=\"bde-heading-348-128 bde-heading\">\nConstruction consultation services\n<\/h2><div class=\"bde-text-348-129 bde-text\">\nWe advise our clients on the type of structure they should build and why. We have almost 20 years of experience to draw on in assessing a business plan drawn up for a vacant block of land or a building in need of renovation and coming up with a project that meets the needs and wishes of both the client and the end user.<br><br>As the main engineering contractor, we have a team of specialists whose knowledge and experience covers all of the fields listed below.\n<\/div><div class=\"bde-button-348-189 bde-button\">\n        \n    \n    \n    \n    \n            \n                    \n            \n            \n\n    \n    \n    \n    \n    \n    <a class=\"breakdance-link button-atom button-atom--secondary bde-button__button\" href=\"https:\/\/sma.ee\/en\/tehtud-tood\/\" target=\"_self\" data-type=\"url\"  >\n\n    \n        <span class=\"button-atom__text\">Our work<\/span>\n\n        \n        \n                <\/a>\n\n    \n\n\n<\/div>\n<\/div><\/div><div class=\"bde-columns-348-103 bde-columns\"><div class=\"bde-column-348-104 bde-column\">\n  \n  \n\t\n\n\n\n<div id=\"teenused\" class=\"bde-div-348-106 bde-div\">\n  \n  \n\t\n\n\n\n<div class=\"bde-div-348-107 bde-div\">\n  \n  \n\t\n\n\n\n<h4 class=\"bde-heading-348-108 bde-heading\">\nArchitecture\n<\/h4><div class=\"bde-text-348-109 bde-text\">\nArchitecture is the process of creating an integrated solution for a building. It involves deciding on the layout of rooms and the connections between them, the building\u2019s outward appearance and its interior design.\n<\/div><div class=\"bde-button-348-204 bde-button\">\n        \n    \n    \n    \n    \n            \n                    \n            \n            \n\n    \n    \n    \n    \n    \n    <a class=\"breakdance-link button-atom button-atom--custom bde-button__button\" href=\"https:\/\/sma.ee\/en\/our-services\/arhitektuur\/\" target=\"_self\" data-type=\"url\"  >\n\n    \n        <span class=\"button-atom__text\">Read more<\/span>\n\n                            \n        \n                <\/a>\n\n    \n\n\n<\/div><div class=\"bde-fancy-divider-348-110 bde-fancy-divider\">\n\n\n<div class=\"bde-fancy-divider__wrapper\">\n  <div class=\"bde-fancy-divider__separator\">\n  \t  <\/div>\n<\/div>\n\n<\/div>\n<\/div><div class=\"bde-div-348-111 bde-div\">\n  \n  \n\t\n\n\n\n<h4 class=\"bde-heading-348-112 bde-heading\">\nStructural engineering\n<\/h4><div class=\"bde-text-348-113 bde-text\">\nBoth static and dynamic calculations are needed when designing the load-bearing part of a structure. We design concrete, steel and timber structures and advise clients on which of the three to choose.\n<\/div><div class=\"bde-button-348-205 bde-button\">\n        \n    \n    \n    \n    \n            \n                    \n            \n            \n\n    \n    \n    \n    \n    \n    <a class=\"breakdance-link button-atom button-atom--custom bde-button__button\" href=\"https:\/\/sma.ee\/en\/our-services\/konstruktsioonid\/\" target=\"_self\" data-type=\"url\"  >\n\n    \n        <span class=\"button-atom__text\">Read more<\/span>\n\n                            \n        \n                <\/a>\n\n    \n\n\n<\/div><div class=\"bde-fancy-divider-348-114 bde-fancy-divider\">\n\n\n<div class=\"bde-fancy-divider__wrapper\">\n  <div class=\"bde-fancy-divider__separator\">\n  \t  <\/div>\n<\/div>\n\n<\/div>\n<\/div><div class=\"bde-div-348-115 bde-div\">\n  \n  \n\t\n\n\n\n<h4 class=\"bde-heading-348-116 bde-heading\">\nMEP systems\n<\/h4><div class=\"bde-text-348-117 bde-text\">\nThe designing of mechanical, electrical and plumbing (MEP) systems includes heating, ventilation and air conditioning (HVAC) systems, water and sewerage systems and electricity, weak-current and automatics systems.\n<\/div><div class=\"bde-button-348-206 bde-button\">\n        \n    \n    \n    \n    \n            \n                    \n            \n            \n\n    \n    \n    \n    \n    \n    <a class=\"breakdance-link button-atom button-atom--custom bde-button__button\" href=\"\/en\/arendus.sma.ee\/our-services\/tehnosusteemid\/\" target=\"_self\" data-type=\"url\"  >\n\n    \n        <span class=\"button-atom__text\">Read more<\/span>\n\n                            \n        \n                <\/a>\n\n    \n\n\n<\/div><div class=\"bde-fancy-divider-348-190 bde-fancy-divider\">\n\n\n<div class=\"bde-fancy-divider__wrapper\">\n  <div class=\"bde-fancy-divider__separator\">\n  \t  <\/div>\n<\/div>\n\n<\/div>\n<\/div>\n<\/div><div class=\"bde-div-348-191 bde-div\">\n  \n  \n\t\n\n\n\n<div class=\"bde-div-348-192 bde-div\">\n  \n  \n\t\n\n\n\n<h4 class=\"bde-heading-348-193 bde-heading\">\nProject management\n<\/h4><div class=\"bde-text-348-194 bde-text\">\nProject management ensures that all of the necessary resources are included in the design and engineering process and that the work is completed on schedule and to budget. The project manager is responsible for all project documentation.\n<\/div><div class=\"bde-button-348-207 bde-button\">\n        \n    \n    \n    \n    \n            \n                    \n            \n            \n\n    \n    \n    \n    \n    \n    <a class=\"breakdance-link button-atom button-atom--custom bde-button__button\" href=\"https:\/\/sma.ee\/en\/our-services\/projektijuhtimine\/\" target=\"_self\" data-type=\"url\"  >\n\n    \n        <span class=\"button-atom__text\">Read more<\/span>\n\n                            \n        \n                <\/a>\n\n    \n\n\n<\/div><div class=\"bde-fancy-divider-348-195 bde-fancy-divider\">\n\n\n<div class=\"bde-fancy-divider__wrapper\">\n  <div class=\"bde-fancy-divider__separator\">\n  \t  <\/div>\n<\/div>\n\n<\/div>\n<\/div><div class=\"bde-div-348-196 bde-div\">\n  \n  \n\t\n\n\n\n<h4 class=\"bde-heading-348-197 bde-heading\">\nEnvironment\n<\/h4><div class=\"bde-text-348-198 bde-text\">\nSite plans, detailed plans, landscape architecture, energy ratings, development of renewable energy solutions and carbon footprint calculations.\n<\/div><div class=\"bde-button-348-208 bde-button\">\n        \n    \n    \n    \n    \n            \n                    \n            \n            \n\n    \n    \n    \n    \n    \n    <a class=\"breakdance-link button-atom button-atom--custom bde-button__button\" href=\"https:\/\/sma.ee\/en\/our-services\/keskkond\/\" target=\"_self\" data-type=\"url\"  >\n\n    \n        <span class=\"button-atom__text\">Read more<\/span>\n\n                            \n        \n                <\/a>\n\n    \n\n\n<\/div><div class=\"bde-fancy-divider-348-199 bde-fancy-divider\">\n\n\n<div class=\"bde-fancy-divider__wrapper\">\n  <div class=\"bde-fancy-divider__separator\">\n  \t  <\/div>\n<\/div>\n\n<\/div>\n<\/div><div class=\"bde-div-348-200 bde-div\">\n  \n  \n\t\n\n\n\n<h4 class=\"bde-heading-348-201 bde-heading\">\nStructures\n<\/h4><div class=\"bde-text-348-202 bde-text\">\nIndustrial buildings, port facilities, pumping stations, underground constructions, liquid storage tanks, roads, plazas and the external technical networks of buildings all fall under the umbrella term of \u2018structures\u2019.\n<\/div><div class=\"bde-button-348-209 bde-button\">\n        \n    \n    \n    \n    \n            \n                    \n            \n            \n\n    \n    \n    \n    \n    \n    <a class=\"breakdance-link button-atom button-atom--custom bde-button__button\" href=\"https:\/\/sma.ee\/en\/our-services\/rajatised\/\" target=\"_self\" data-type=\"url\"  >\n\n    \n        <span class=\"button-atom__text\">Read more<\/span>\n\n                            \n        \n                <\/a>\n\n    \n\n\n<\/div><div class=\"bde-fancy-divider-348-203 bde-fancy-divider\">\n\n\n<div class=\"bde-fancy-divider__wrapper\">\n  <div class=\"bde-fancy-divider__separator\">\n  \t  <\/div>\n<\/div>\n\n<\/div>\n<\/div>\n<\/div>\n<\/div><\/div><\/div>\n<\/section><section class=\"bde-section-348-212 bde-section\">\n  \n  \n\t\n\n\n\n<div class=\"section-container\"><div class=\"bde-columns-348-213 bde-columns\"><div class=\"bde-column-348-214 bde-column\">\n  \n  \n\t\n\n\n\n<div class=\"bde-image-348-215 bde-image\">\n<figure class=\"breakdance-image breakdance-image--27\">\n\t<div class=\"breakdance-image-container\">\n\t\t<div class=\"breakdance-image-clip\"><img loading=\"lazy\" decoding=\"async\" class=\"breakdance-image-object\" src=\"https:\/\/sma.ee\/wp-content\/uploads\/2024\/02\/1_PS-cropped-scaled-1.jpg\" width=\"2560\" height=\"2458\" srcset=\"https:\/\/sma.ee\/wp-content\/uploads\/2024\/02\/1_PS-cropped-scaled-1.jpg 2560w, https:\/\/sma.ee\/wp-content\/uploads\/2024\/02\/1_PS-cropped-scaled-1-300x288.jpg 300w, https:\/\/sma.ee\/wp-content\/uploads\/2024\/02\/1_PS-cropped-scaled-1-1024x983.jpg 1024w, https:\/\/sma.ee\/wp-content\/uploads\/2024\/02\/1_PS-cropped-scaled-1-768x737.jpg 768w, https:\/\/sma.ee\/wp-content\/uploads\/2024\/02\/1_PS-cropped-scaled-1-1536x1475.jpg 1536w, https:\/\/sma.ee\/wp-content\/uploads\/2024\/02\/1_PS-cropped-scaled-1-2048x1966.jpg 2048w\" sizes=\"auto, (max-width: 2560px) 100vw, 2560px\"><\/div>\n\t<\/div><\/figure>\n\n<\/div>\n<\/div><div class=\"bde-column-348-216 bde-column\">\n  \n  \n\t\n\n\n\n<h2 class=\"bde-heading-348-217 bde-heading\">\nMore than 2000 successful projects\n<\/h2><div class=\"bde-text-348-222 bde-text\">\nWe have completed over 2000 projects in Estonia, Norway, Sweden and Finland.\n<\/div><div class=\"bde-text-348-223 bde-text\">\nWe specialise in designing large office, commercial and production buildings, but our portfolio also includes schools, kindergartens, private homes and special-purpose structures.\n<\/div><div class=\"bde-button-348-224 bde-button\">\n        \n    \n    \n    \n    \n            \n                    \n            \n            \n\n    \n    \n    \n    \n    \n    <a class=\"breakdance-link button-atom button-atom--primary bde-button__button\" href=\"#kontakt\" target=\"_self\" data-type=\"url\"  >\n\n    \n        <span class=\"button-atom__text\">Ask us for an offer<\/span>\n\n        \n        \n                <\/a>\n\n    \n\n\n<\/div>\n<\/div><\/div><\/div>\n<\/section>","protected":false},"excerpt":{"rendered":"<p>Teenused Ehituskonsultatsiooni teenused Anname oma klientidele n\u00f5u miks ja millist hoonet v\u00f5i rajatist tasub ehitada. Meil on pea 20 aasta jagu kogemusi, et hinnata t\u00fchjale krundile v\u00f5i renoveerimist vajavale hoonele loodud \u00e4riplaani ning teostada nii l\u00f5ppkasutajale kui tellijale sobiv ja optimaalne projekt.Projekteerimise peat\u00f6\u00f6v\u00f5tjana on meie meeskonnas spetsialistid, kelle teadmised ja kogemused saab liigitada allpoololevate distsipliinide [&hellip;]<\/p>\n","protected":false},"author":1,"featured_media":0,"parent":0,"menu_order":0,"comment_status":"closed","ping_status":"closed","template":"","meta":{"_acf_changed":false,"_breakdance_hide_in_design_set":false,"_breakdance_tags":"","footnotes":""},"class_list":["post-348","page","type-page","status-publish","hentry"],"acf":[],"yoast_head":"<!-- This site is optimized with the Yoast SEO plugin v27.4 - https:\/\/yoast.com\/product\/yoast-seo-wordpress\/ -->\n<title>Teenused - Sirkel &amp; Mall<\/title>\n<meta name=\"description\" content=\"Sirkel&amp;Mall pakub projekteerimise peat\u00f6\u00f6v\u00f5ttu, mille hulka kuulub arhitektuur, ehituskonstruktsioonide ja tehnos\u00fcsteemide projekteerimine.\" \/>\n<meta name=\"robots\" content=\"index, follow, max-snippet:-1, max-image-preview:large, max-video-preview:-1\" \/>\n<link rel=\"canonical\" href=\"https:\/\/sma.ee\/en\/our-services\/\" \/>\n<meta property=\"og:locale\" content=\"en_GB\" \/>\n<meta property=\"og:type\" content=\"article\" \/>\n<meta property=\"og:title\" content=\"Teenused - Sirkel &amp; Mall\" \/>\n<meta property=\"og:description\" content=\"Sirkel&amp;Mall pakub projekteerimise peat\u00f6\u00f6v\u00f5ttu, mille hulka kuulub arhitektuur, ehituskonstruktsioonide ja tehnos\u00fcsteemide projekteerimine.\" \/>\n<meta property=\"og:url\" content=\"https:\/\/sma.ee\/en\/our-services\/\" \/>\n<meta property=\"og:site_name\" content=\"Sirkel &amp; Mall\" \/>\n<meta property=\"article:publisher\" content=\"https:\/\/www.facebook.com\/sirkelandmall\" \/>\n<meta property=\"article:modified_time\" content=\"2024-09-09T13:04:50+00:00\" \/>\n<meta name=\"twitter:card\" content=\"summary_large_image\" \/>\n<meta name=\"twitter:label1\" content=\"Estimated reading time\" \/>\n\t<meta name=\"twitter:data1\" content=\"2 minutes\" \/>\n<script type=\"application\/ld+json\" class=\"yoast-schema-graph\">{\"@context\":\"https:\\\/\\\/schema.org\",\"@graph\":[{\"@type\":\"WebPage\",\"@id\":\"https:\\\/\\\/sma.ee\\\/teenused\\\/\",\"url\":\"https:\\\/\\\/sma.ee\\\/teenused\\\/\",\"name\":\"Teenused - Sirkel &amp; Mall\",\"isPartOf\":{\"@id\":\"https:\\\/\\\/sma.ee\\\/#website\"},\"datePublished\":\"2024-03-01T06:48:51+00:00\",\"dateModified\":\"2024-09-09T13:04:50+00:00\",\"description\":\"Sirkel&Mall pakub projekteerimise peat\u00f6\u00f6v\u00f5ttu, mille hulka kuulub arhitektuur, ehituskonstruktsioonide ja tehnos\u00fcsteemide projekteerimine.\",\"breadcrumb\":{\"@id\":\"https:\\\/\\\/sma.ee\\\/teenused\\\/#breadcrumb\"},\"inLanguage\":\"en-GB\",\"potentialAction\":[{\"@type\":\"ReadAction\",\"target\":[\"https:\\\/\\\/sma.ee\\\/teenused\\\/\"]}]},{\"@type\":\"BreadcrumbList\",\"@id\":\"https:\\\/\\\/sma.ee\\\/teenused\\\/#breadcrumb\",\"itemListElement\":[{\"@type\":\"ListItem\",\"position\":1,\"name\":\"Home\",\"item\":\"https:\\\/\\\/sma.ee\\\/\"},{\"@type\":\"ListItem\",\"position\":2,\"name\":\"Teenused\"}]},{\"@type\":\"WebSite\",\"@id\":\"https:\\\/\\\/sma.ee\\\/#website\",\"url\":\"https:\\\/\\\/sma.ee\\\/\",\"name\":\"Sirkel & Mall\",\"description\":\"Estonia's best architecture firm\",\"publisher\":{\"@id\":\"https:\\\/\\\/sma.ee\\\/#organization\"},\"potentialAction\":[{\"@type\":\"SearchAction\",\"target\":{\"@type\":\"EntryPoint\",\"urlTemplate\":\"https:\\\/\\\/sma.ee\\\/?s={search_term_string}\"},\"query-input\":{\"@type\":\"PropertyValueSpecification\",\"valueRequired\":true,\"valueName\":\"search_term_string\"}}],\"inLanguage\":\"en-GB\"},{\"@type\":\"Organization\",\"@id\":\"https:\\\/\\\/sma.ee\\\/#organization\",\"name\":\"Sirkel & Mall\",\"url\":\"https:\\\/\\\/sma.ee\\\/\",\"logo\":{\"@type\":\"ImageObject\",\"inLanguage\":\"en-GB\",\"@id\":\"https:\\\/\\\/sma.ee\\\/#\\\/schema\\\/logo\\\/image\\\/\",\"url\":\"https:\\\/\\\/sma.ee\\\/wp-content\\\/uploads\\\/2024\\\/02\\\/cropped-cropped-SirkelMall_icon512-2.png\",\"contentUrl\":\"https:\\\/\\\/sma.ee\\\/wp-content\\\/uploads\\\/2024\\\/02\\\/cropped-cropped-SirkelMall_icon512-2.png\",\"width\":512,\"height\":512,\"caption\":\"Sirkel & Mall\"},\"image\":{\"@id\":\"https:\\\/\\\/sma.ee\\\/#\\\/schema\\\/logo\\\/image\\\/\"},\"sameAs\":[\"https:\\\/\\\/www.facebook.com\\\/sirkelandmall\",\"https:\\\/\\\/www.linkedin.com\\\/company\\\/sirkeljamall\"]}]}<\/script>\n<!-- \/ Yoast SEO plugin. -->","yoast_head_json":{"title":"Teenused - Sirkel &amp; Mall","description":"Sirkel&Mall pakub projekteerimise peat\u00f6\u00f6v\u00f5ttu, mille hulka kuulub arhitektuur, ehituskonstruktsioonide ja tehnos\u00fcsteemide projekteerimine.","robots":{"index":"index","follow":"follow","max-snippet":"max-snippet:-1","max-image-preview":"max-image-preview:large","max-video-preview":"max-video-preview:-1"},"canonical":"https:\/\/sma.ee\/en\/our-services\/","og_locale":"en_GB","og_type":"article","og_title":"Teenused - Sirkel &amp; Mall","og_description":"Sirkel&Mall pakub projekteerimise peat\u00f6\u00f6v\u00f5ttu, mille hulka kuulub arhitektuur, ehituskonstruktsioonide ja tehnos\u00fcsteemide projekteerimine.","og_url":"https:\/\/sma.ee\/en\/our-services\/","og_site_name":"Sirkel &amp; Mall","article_publisher":"https:\/\/www.facebook.com\/sirkelandmall","article_modified_time":"2024-09-09T13:04:50+00:00","twitter_card":"summary_large_image","twitter_misc":{"Estimated reading time":"2 minutes"},"schema":{"@context":"https:\/\/schema.org","@graph":[{"@type":"WebPage","@id":"https:\/\/sma.ee\/teenused\/","url":"https:\/\/sma.ee\/teenused\/","name":"Teenused - Sirkel &amp; Mall","isPartOf":{"@id":"https:\/\/sma.ee\/#website"},"datePublished":"2024-03-01T06:48:51+00:00","dateModified":"2024-09-09T13:04:50+00:00","description":"Sirkel&Mall pakub projekteerimise peat\u00f6\u00f6v\u00f5ttu, mille hulka kuulub arhitektuur, ehituskonstruktsioonide ja tehnos\u00fcsteemide projekteerimine.","breadcrumb":{"@id":"https:\/\/sma.ee\/teenused\/#breadcrumb"},"inLanguage":"en-GB","potentialAction":[{"@type":"ReadAction","target":["https:\/\/sma.ee\/teenused\/"]}]},{"@type":"BreadcrumbList","@id":"https:\/\/sma.ee\/teenused\/#breadcrumb","itemListElement":[{"@type":"ListItem","position":1,"name":"Home","item":"https:\/\/sma.ee\/"},{"@type":"ListItem","position":2,"name":"Teenused"}]},{"@type":"WebSite","@id":"https:\/\/sma.ee\/#website","url":"https:\/\/sma.ee\/","name":"Sirkel &amp; Mall","description":"Estonia's best architecture firm","publisher":{"@id":"https:\/\/sma.ee\/#organization"},"potentialAction":[{"@type":"SearchAction","target":{"@type":"EntryPoint","urlTemplate":"https:\/\/sma.ee\/?s={search_term_string}"},"query-input":{"@type":"PropertyValueSpecification","valueRequired":true,"valueName":"search_term_string"}}],"inLanguage":"en-GB"},{"@type":"Organization","@id":"https:\/\/sma.ee\/#organization","name":"Sirkel &amp; Mall","url":"https:\/\/sma.ee\/","logo":{"@type":"ImageObject","inLanguage":"en-GB","@id":"https:\/\/sma.ee\/#\/schema\/logo\/image\/","url":"https:\/\/sma.ee\/wp-content\/uploads\/2024\/02\/cropped-cropped-SirkelMall_icon512-2.png","contentUrl":"https:\/\/sma.ee\/wp-content\/uploads\/2024\/02\/cropped-cropped-SirkelMall_icon512-2.png","width":512,"height":512,"caption":"Sirkel & Mall"},"image":{"@id":"https:\/\/sma.ee\/#\/schema\/logo\/image\/"},"sameAs":["https:\/\/www.facebook.com\/sirkelandmall","https:\/\/www.linkedin.com\/company\/sirkeljamall"]}]}},"_links":{"self":[{"href":"https:\/\/sma.ee\/en\/wp-json\/wp\/v2\/pages\/348","targetHints":{"allow":["GET"]}}],"collection":[{"href":"https:\/\/sma.ee\/en\/wp-json\/wp\/v2\/pages"}],"about":[{"href":"https:\/\/sma.ee\/en\/wp-json\/wp\/v2\/types\/page"}],"author":[{"embeddable":true,"href":"https:\/\/sma.ee\/en\/wp-json\/wp\/v2\/users\/1"}],"replies":[{"embeddable":true,"href":"https:\/\/sma.ee\/en\/wp-json\/wp\/v2\/comments?post=348"}],"version-history":[{"count":38,"href":"https:\/\/sma.ee\/en\/wp-json\/wp\/v2\/pages\/348\/revisions"}],"predecessor-version":[{"id":3075,"href":"https:\/\/sma.ee\/en\/wp-json\/wp\/v2\/pages\/348\/revisions\/3075"}],"wp:attachment":[{"href":"https:\/\/sma.ee\/en\/wp-json\/wp\/v2\/media?parent=348"}],"curies":[{"name":"wp","href":"https:\/\/api.w.org\/{rel}","templated":true}]}}