{"id":363,"date":"2024-03-01T07:48:15","date_gmt":"2024-03-01T07:48:15","guid":{"rendered":"https:\/\/sma.ee\/?page_id=363"},"modified":"2024-09-18T08:35:16","modified_gmt":"2024-09-18T08:35:16","slug":"konstruktsioonid","status":"publish","type":"page","link":"https:\/\/sma.ee\/en\/konstruktsioonid\/","title":{"rendered":"Structural engineering"},"content":{"rendered":"<section class=\"bde-section-363-128 bde-section\">\n  \n  \n\t\n\n\n\n<div class=\"section-container\"><h1 class=\"bde-heading-363-129 bde-heading\">\nStructural engineering\n<\/h1><div class=\"bde-fancy-divider-363-130 bde-fancy-divider\">\n\n\n<div class=\"bde-fancy-divider__wrapper\">\n  <div class=\"bde-fancy-divider__separator\">\n  \t  <\/div>\n<\/div>\n\n<\/div><\/div>\n<\/section><section class=\"bde-section-363-102 bde-section\">\n  \n  \n\t\n\n\n\n<div class=\"section-container\"><div class=\"bde-rich-text-363-109 bde-rich-text breakdance-rich-text-styles\">\n<p>Structural design commences once the architectural plans (or at least the draft version of them) are in place and the brief listing the main conditions for the structures and data from the geological survey has been received from the client. The design process is guided by the Building Code, the norms and standards in the field and best practice in construction.<\/p>\n<p>We use building information modelling (BIM) to ensure that cooperation between the architect, structural engineer and other engineers is as smooth as possible. In making calculations, Autodesk Robot Structural Analysis Professional \u2013 software developed for calculating loads in large-scale structures \u2013 is used alongside other smaller programmes. These programmes are used by engineers who are capable of preparing the necessary input and recognising when a result is illogical in engineering terms.<\/p>\n<\/div><div class=\"bde-columns-363-103 bde-columns\"><div class=\"bde-column-363-104 bde-column\">\n  \n  \n\t\n\n\n\n<div class=\"bde-image-363-105 bde-image\">\n<figure class=\"breakdance-image breakdance-image--382\">\n\t<div class=\"breakdance-image-container\">\n\t\t<div class=\"breakdance-image-clip\"><img loading=\"lazy\" decoding=\"async\" class=\"breakdance-image-object\" src=\"https:\/\/sma.ee\/wp-content\/uploads\/2024\/03\/Linnutorn_konstr_bckd_1920x1080-1536x864-1.jpg\" width=\"1536\" height=\"864\" srcset=\"https:\/\/sma.ee\/wp-content\/uploads\/2024\/03\/Linnutorn_konstr_bckd_1920x1080-1536x864-1.jpg 1536w, https:\/\/sma.ee\/wp-content\/uploads\/2024\/03\/Linnutorn_konstr_bckd_1920x1080-1536x864-1-300x169.jpg 300w, https:\/\/sma.ee\/wp-content\/uploads\/2024\/03\/Linnutorn_konstr_bckd_1920x1080-1536x864-1-1024x576.jpg 1024w, https:\/\/sma.ee\/wp-content\/uploads\/2024\/03\/Linnutorn_konstr_bckd_1920x1080-1536x864-1-768x432.jpg 768w\" sizes=\"auto, (max-width: 1536px) 100vw, 1536px\"><\/div>\n\t<\/div><\/figure>\n\n<\/div>\n<\/div><div class=\"bde-column-363-107 bde-column\">\n  \n  \n\t\n\n\n\n<h4 class=\"bde-heading-363-108 bde-heading\">\nBoth static and dynamic calculations are needed when designing the load-bearing part of a structure. We design concrete, steel and timber structures and advise clients on which of the three to choose.\n<\/h4>\n<\/div><\/div><\/div>\n<\/section><section class=\"bde-section-363-131 bde-section\">\n  \n  \n\t\n\n\n\n<div class=\"section-container\"><div class=\"bde-columns-363-132 bde-columns\"><div class=\"bde-column-363-133 bde-column\">\n  \n  \n\t\n\n\n\n<div class=\"bde-image-363-134 bde-image\">\n<figure class=\"breakdance-image breakdance-image--27\">\n\t<div class=\"breakdance-image-container\">\n\t\t<div class=\"breakdance-image-clip\"><img loading=\"lazy\" decoding=\"async\" class=\"breakdance-image-object\" src=\"https:\/\/sma.ee\/wp-content\/uploads\/2024\/02\/1_PS-cropped-scaled-1.jpg\" width=\"2560\" height=\"2458\" srcset=\"https:\/\/sma.ee\/wp-content\/uploads\/2024\/02\/1_PS-cropped-scaled-1.jpg 2560w, https:\/\/sma.ee\/wp-content\/uploads\/2024\/02\/1_PS-cropped-scaled-1-300x288.jpg 300w, https:\/\/sma.ee\/wp-content\/uploads\/2024\/02\/1_PS-cropped-scaled-1-1024x983.jpg 1024w, https:\/\/sma.ee\/wp-content\/uploads\/2024\/02\/1_PS-cropped-scaled-1-768x737.jpg 768w, https:\/\/sma.ee\/wp-content\/uploads\/2024\/02\/1_PS-cropped-scaled-1-1536x1475.jpg 1536w, https:\/\/sma.ee\/wp-content\/uploads\/2024\/02\/1_PS-cropped-scaled-1-2048x1966.jpg 2048w\" sizes=\"auto, (max-width: 2560px) 100vw, 2560px\"><\/div>\n\t<\/div><\/figure>\n\n<\/div>\n<\/div><div class=\"bde-column-363-135 bde-column\">\n  \n  \n\t\n\n\n\n<h2 class=\"bde-heading-363-136 bde-heading\">\nMore than 2000 successful projects\n<\/h2><div class=\"bde-text-363-137 bde-text\">\nWe have completed over 2000 projects in Estonia, Norway, Sweden and Finland.\n<\/div><div class=\"bde-text-363-138 bde-text\">\nWe specialise in designing large office, commercial and production buildings, but our portfolio also includes schools, kindergartens, private homes and special-purpose structures.\n<\/div><div class=\"bde-button-363-139 bde-button\">\n        \n    \n    \n    \n    \n            \n                    \n            \n            \n\n    \n    \n    \n    \n    \n    <a class=\"breakdance-link button-atom button-atom--primary bde-button__button\" href=\"#kontakt\" target=\"_self\" data-type=\"url\"  >\n\n    \n        <span class=\"button-atom__text\">Ask us for an offer<\/span>\n\n        \n        \n                <\/a>\n\n    \n\n\n<\/div>\n<\/div><\/div><\/div>\n<\/section>","protected":false},"excerpt":{"rendered":"<p>Konstruktsioonid Konstruktsiooni osa projekteerimisega alustatakse, kui on olemas arhitektuurne projekt v\u00e4hemalt eelprojekti mahus ning tellijapoolne l\u00e4hte\u00fclesanne, kus on loetletud p\u00f5hitingimused konstruktsioonidele ja andmed ehitise alla j\u00e4\u00e4va pinnase kohta (geoloogiline uuring). Projekteerimisel l\u00e4htutakse ehitusseadustikust, vastava ala normidest ja standarditest ning heast ehitustavast. Kasutatame mudelprojekteerimist (BIM), nii laabub arhitekti, konstruktori ning teiste erialade inseneride koost\u00f6\u00f6 palju ladusamalt. [&hellip;]<\/p>\n","protected":false},"author":1,"featured_media":0,"parent":0,"menu_order":0,"comment_status":"closed","ping_status":"closed","template":"","meta":{"_acf_changed":false,"_breakdance_hide_in_design_set":false,"_breakdance_tags":"","footnotes":""},"class_list":["post-363","page","type-page","status-publish","hentry"],"acf":[],"yoast_head":"<!-- This site is optimized with the Yoast SEO plugin v27.4 - https:\/\/yoast.com\/product\/yoast-seo-wordpress\/ -->\n<title>Konstruktsioonid - Sirkel &amp; Mall<\/title>\n<meta name=\"description\" content=\"Ehituskonstruktsioonide projekteerimine betoonist, terasest, puidust. Staatika ja d\u00fcnaamika arvutused. BIM mudelprojekteerimine Revitis.\" \/>\n<meta name=\"robots\" content=\"index, follow, max-snippet:-1, max-image-preview:large, max-video-preview:-1\" \/>\n<link rel=\"canonical\" href=\"https:\/\/sma.ee\/en\/konstruktsioonid\/\" \/>\n<meta property=\"og:locale\" content=\"en_GB\" \/>\n<meta property=\"og:type\" content=\"article\" \/>\n<meta property=\"og:title\" content=\"Konstruktsioonid - Sirkel &amp; Mall\" \/>\n<meta property=\"og:description\" content=\"Ehituskonstruktsioonide projekteerimine betoonist, terasest, puidust. Staatika ja d\u00fcnaamika arvutused. BIM mudelprojekteerimine Revitis.\" \/>\n<meta property=\"og:url\" content=\"https:\/\/sma.ee\/en\/konstruktsioonid\/\" \/>\n<meta property=\"og:site_name\" content=\"Sirkel &amp; Mall\" \/>\n<meta property=\"article:publisher\" content=\"https:\/\/www.facebook.com\/sirkelandmall\" \/>\n<meta property=\"article:modified_time\" content=\"2024-09-18T08:35:16+00:00\" \/>\n<meta name=\"twitter:card\" content=\"summary_large_image\" \/>\n<meta name=\"twitter:label1\" content=\"Estimated reading time\" \/>\n\t<meta name=\"twitter:data1\" content=\"2 minutes\" \/>\n<script type=\"application\/ld+json\" class=\"yoast-schema-graph\">{\"@context\":\"https:\\\/\\\/schema.org\",\"@graph\":[{\"@type\":\"WebPage\",\"@id\":\"https:\\\/\\\/sma.ee\\\/konstruktsioonid\\\/\",\"url\":\"https:\\\/\\\/sma.ee\\\/konstruktsioonid\\\/\",\"name\":\"Konstruktsioonid - Sirkel &amp; Mall\",\"isPartOf\":{\"@id\":\"https:\\\/\\\/sma.ee\\\/#website\"},\"datePublished\":\"2024-03-01T07:48:15+00:00\",\"dateModified\":\"2024-09-18T08:35:16+00:00\",\"description\":\"Ehituskonstruktsioonide projekteerimine betoonist, terasest, puidust. Staatika ja d\u00fcnaamika arvutused. BIM mudelprojekteerimine Revitis.\",\"breadcrumb\":{\"@id\":\"https:\\\/\\\/sma.ee\\\/konstruktsioonid\\\/#breadcrumb\"},\"inLanguage\":\"en-GB\",\"potentialAction\":[{\"@type\":\"ReadAction\",\"target\":[\"https:\\\/\\\/sma.ee\\\/konstruktsioonid\\\/\"]}]},{\"@type\":\"BreadcrumbList\",\"@id\":\"https:\\\/\\\/sma.ee\\\/konstruktsioonid\\\/#breadcrumb\",\"itemListElement\":[{\"@type\":\"ListItem\",\"position\":1,\"name\":\"Home\",\"item\":\"https:\\\/\\\/sma.ee\\\/\"},{\"@type\":\"ListItem\",\"position\":2,\"name\":\"Konstruktsioonid\"}]},{\"@type\":\"WebSite\",\"@id\":\"https:\\\/\\\/sma.ee\\\/#website\",\"url\":\"https:\\\/\\\/sma.ee\\\/\",\"name\":\"Sirkel & Mall\",\"description\":\"Estonia's best architecture firm\",\"publisher\":{\"@id\":\"https:\\\/\\\/sma.ee\\\/#organization\"},\"potentialAction\":[{\"@type\":\"SearchAction\",\"target\":{\"@type\":\"EntryPoint\",\"urlTemplate\":\"https:\\\/\\\/sma.ee\\\/?s={search_term_string}\"},\"query-input\":{\"@type\":\"PropertyValueSpecification\",\"valueRequired\":true,\"valueName\":\"search_term_string\"}}],\"inLanguage\":\"en-GB\"},{\"@type\":\"Organization\",\"@id\":\"https:\\\/\\\/sma.ee\\\/#organization\",\"name\":\"Sirkel & Mall\",\"url\":\"https:\\\/\\\/sma.ee\\\/\",\"logo\":{\"@type\":\"ImageObject\",\"inLanguage\":\"en-GB\",\"@id\":\"https:\\\/\\\/sma.ee\\\/#\\\/schema\\\/logo\\\/image\\\/\",\"url\":\"https:\\\/\\\/sma.ee\\\/wp-content\\\/uploads\\\/2024\\\/02\\\/cropped-cropped-SirkelMall_icon512-2.png\",\"contentUrl\":\"https:\\\/\\\/sma.ee\\\/wp-content\\\/uploads\\\/2024\\\/02\\\/cropped-cropped-SirkelMall_icon512-2.png\",\"width\":512,\"height\":512,\"caption\":\"Sirkel & Mall\"},\"image\":{\"@id\":\"https:\\\/\\\/sma.ee\\\/#\\\/schema\\\/logo\\\/image\\\/\"},\"sameAs\":[\"https:\\\/\\\/www.facebook.com\\\/sirkelandmall\",\"https:\\\/\\\/www.linkedin.com\\\/company\\\/sirkeljamall\"]}]}<\/script>\n<!-- \/ Yoast SEO plugin. -->","yoast_head_json":{"title":"Konstruktsioonid - Sirkel &amp; Mall","description":"Ehituskonstruktsioonide projekteerimine betoonist, terasest, puidust. Staatika ja d\u00fcnaamika arvutused. BIM mudelprojekteerimine Revitis.","robots":{"index":"index","follow":"follow","max-snippet":"max-snippet:-1","max-image-preview":"max-image-preview:large","max-video-preview":"max-video-preview:-1"},"canonical":"https:\/\/sma.ee\/en\/konstruktsioonid\/","og_locale":"en_GB","og_type":"article","og_title":"Konstruktsioonid - Sirkel &amp; Mall","og_description":"Ehituskonstruktsioonide projekteerimine betoonist, terasest, puidust. Staatika ja d\u00fcnaamika arvutused. BIM mudelprojekteerimine Revitis.","og_url":"https:\/\/sma.ee\/en\/konstruktsioonid\/","og_site_name":"Sirkel &amp; Mall","article_publisher":"https:\/\/www.facebook.com\/sirkelandmall","article_modified_time":"2024-09-18T08:35:16+00:00","twitter_card":"summary_large_image","twitter_misc":{"Estimated reading time":"2 minutes"},"schema":{"@context":"https:\/\/schema.org","@graph":[{"@type":"WebPage","@id":"https:\/\/sma.ee\/konstruktsioonid\/","url":"https:\/\/sma.ee\/konstruktsioonid\/","name":"Konstruktsioonid - Sirkel &amp; Mall","isPartOf":{"@id":"https:\/\/sma.ee\/#website"},"datePublished":"2024-03-01T07:48:15+00:00","dateModified":"2024-09-18T08:35:16+00:00","description":"Ehituskonstruktsioonide projekteerimine betoonist, terasest, puidust. Staatika ja d\u00fcnaamika arvutused. BIM mudelprojekteerimine Revitis.","breadcrumb":{"@id":"https:\/\/sma.ee\/konstruktsioonid\/#breadcrumb"},"inLanguage":"en-GB","potentialAction":[{"@type":"ReadAction","target":["https:\/\/sma.ee\/konstruktsioonid\/"]}]},{"@type":"BreadcrumbList","@id":"https:\/\/sma.ee\/konstruktsioonid\/#breadcrumb","itemListElement":[{"@type":"ListItem","position":1,"name":"Home","item":"https:\/\/sma.ee\/"},{"@type":"ListItem","position":2,"name":"Konstruktsioonid"}]},{"@type":"WebSite","@id":"https:\/\/sma.ee\/#website","url":"https:\/\/sma.ee\/","name":"Sirkel &amp; Mall","description":"Estonia's best architecture firm","publisher":{"@id":"https:\/\/sma.ee\/#organization"},"potentialAction":[{"@type":"SearchAction","target":{"@type":"EntryPoint","urlTemplate":"https:\/\/sma.ee\/?s={search_term_string}"},"query-input":{"@type":"PropertyValueSpecification","valueRequired":true,"valueName":"search_term_string"}}],"inLanguage":"en-GB"},{"@type":"Organization","@id":"https:\/\/sma.ee\/#organization","name":"Sirkel &amp; Mall","url":"https:\/\/sma.ee\/","logo":{"@type":"ImageObject","inLanguage":"en-GB","@id":"https:\/\/sma.ee\/#\/schema\/logo\/image\/","url":"https:\/\/sma.ee\/wp-content\/uploads\/2024\/02\/cropped-cropped-SirkelMall_icon512-2.png","contentUrl":"https:\/\/sma.ee\/wp-content\/uploads\/2024\/02\/cropped-cropped-SirkelMall_icon512-2.png","width":512,"height":512,"caption":"Sirkel & Mall"},"image":{"@id":"https:\/\/sma.ee\/#\/schema\/logo\/image\/"},"sameAs":["https:\/\/www.facebook.com\/sirkelandmall","https:\/\/www.linkedin.com\/company\/sirkeljamall"]}]}},"_links":{"self":[{"href":"https:\/\/sma.ee\/en\/wp-json\/wp\/v2\/pages\/363","targetHints":{"allow":["GET"]}}],"collection":[{"href":"https:\/\/sma.ee\/en\/wp-json\/wp\/v2\/pages"}],"about":[{"href":"https:\/\/sma.ee\/en\/wp-json\/wp\/v2\/types\/page"}],"author":[{"embeddable":true,"href":"https:\/\/sma.ee\/en\/wp-json\/wp\/v2\/users\/1"}],"replies":[{"embeddable":true,"href":"https:\/\/sma.ee\/en\/wp-json\/wp\/v2\/comments?post=363"}],"version-history":[{"count":16,"href":"https:\/\/sma.ee\/en\/wp-json\/wp\/v2\/pages\/363\/revisions"}],"predecessor-version":[{"id":3161,"href":"https:\/\/sma.ee\/en\/wp-json\/wp\/v2\/pages\/363\/revisions\/3161"}],"wp:attachment":[{"href":"https:\/\/sma.ee\/en\/wp-json\/wp\/v2\/media?parent=363"}],"curies":[{"name":"wp","href":"https:\/\/api.w.org\/{rel}","templated":true}]}}