{"id":364,"date":"2024-03-01T07:48:34","date_gmt":"2024-03-01T07:48:34","guid":{"rendered":"https:\/\/sma.ee\/?page_id=364"},"modified":"2024-09-18T08:34:24","modified_gmt":"2024-09-18T08:34:24","slug":"tehnosusteemid","status":"publish","type":"page","link":"https:\/\/sma.ee\/en\/tehnosusteemid\/","title":{"rendered":"MEP systems"},"content":{"rendered":"<section class=\"bde-section-364-128 bde-section\">\n  \n  \n\t\n\n\n\n<div class=\"section-container\"><h1 class=\"bde-heading-364-129 bde-heading\">\nMEP systems\n<\/h1><div class=\"bde-fancy-divider-364-130 bde-fancy-divider\">\n\n\n<div class=\"bde-fancy-divider__wrapper\">\n  <div class=\"bde-fancy-divider__separator\">\n  \t  <\/div>\n<\/div>\n\n<\/div><\/div>\n<\/section><section class=\"bde-section-364-102 bde-section\">\n  \n  \n\t\n\n\n\n<div class=\"section-container\"><div class=\"bde-columns-364-103 bde-columns\"><div class=\"bde-column-364-104 bde-column\">\n  \n  \n\t\n\n\n\n<div class=\"bde-image-364-105 bde-image\">\n<figure class=\"breakdance-image breakdance-image--392\">\n\t<div class=\"breakdance-image-container\">\n\t\t<div class=\"breakdance-image-clip\"><img loading=\"lazy\" decoding=\"async\" class=\"breakdance-image-object\" src=\"https:\/\/sma.ee\/wp-content\/uploads\/2024\/03\/TTHK-Robootikalabor.002-1536x864-1.jpg\" width=\"1536\" height=\"864\" srcset=\"https:\/\/sma.ee\/wp-content\/uploads\/2024\/03\/TTHK-Robootikalabor.002-1536x864-1.jpg 1536w, https:\/\/sma.ee\/wp-content\/uploads\/2024\/03\/TTHK-Robootikalabor.002-1536x864-1-300x169.jpg 300w, https:\/\/sma.ee\/wp-content\/uploads\/2024\/03\/TTHK-Robootikalabor.002-1536x864-1-1024x576.jpg 1024w, https:\/\/sma.ee\/wp-content\/uploads\/2024\/03\/TTHK-Robootikalabor.002-1536x864-1-768x432.jpg 768w\" sizes=\"auto, (max-width: 1536px) 100vw, 1536px\"><\/div>\n\t<\/div><\/figure>\n\n<\/div>\n<\/div><div class=\"bde-column-364-107 bde-column\">\n  \n  \n\t\n\n\n\n<h4 class=\"bde-heading-364-108 bde-heading\">\nThe designing of mechanical, electrical and plumbing (MEP) systems includes heating, ventilation and air conditioning (HVAC) systems, water and sewerage systems and electricity, weak-current and automatics systems.\n<\/h4><div class=\"bde-rich-text-364-109 bde-rich-text breakdance-rich-text-styles\">\n<p><strong>Heating, ventilation and air-conditioning<\/strong><\/p>\n<p>The design project for any building\u2019s heating and ventilation system is based on the energy efficiency requirements stated in the design documentation. Where needed, such a project will include a building\u2019s air-conditioning system and ensure that the building achieves the desired energy rating. The optimal placement of pipes and devices is determined in cooperation with the architect and structural engineer, taking both the architecture and interior design of the space into account.<\/p>\n<p>Our engineers keep abreast of the latest technological developments and prioritise the best living or working environment for future residents and building users in their designs.<\/p>\n<p><strong>Water supply and sewerage<\/strong><\/p>\n<p>When designing the water supply for a building we carry out all of the work required for the construction of external utility lines and interior solutions. We come up with the optimal solution for each site in cooperation with the local water company and the client.<\/p>\n<p>We use BIM in our work, aided by Autodesk Revit, to obtain a 3D view of pipelines. This prevents intersecting and conflicts with other structures and MEP systems in the course of construction.<\/p>\n<p>Clean water and minimal impact on the environment are our priorities in every project.<\/p>\n<p><strong>Electricity, weak current and automatics<\/strong><\/p>\n<p>In accordance with the Electrical Safety Act in force in Estonia, an electricity project must be drafted for all construction and renovation work requiring the establishment of or changes to an electricity system.<\/p>\n<p>The data forming the basis of such a project are the brief from the client, the technical conditions issued by the electricity network operator and the architectural plans for or model of the building.<\/p>\n<p>Each project is divided into three parts, all of which feature in modern buildings: strong current; weak current (e.g. communications and computer networks); and automatics (e.g. control systems for heating and ventilation, management of access systems and fire safety automatics).<\/p>\n<p>In the design process, we take into account the layout of other parts of the building, its existing pipelines and its interior design.<\/p>\n<\/div>\n<\/div><\/div><\/div>\n<\/section><section class=\"bde-section-364-131 bde-section\">\n  \n  \n\t\n\n\n\n<div class=\"section-container\"><div class=\"bde-columns-364-132 bde-columns\"><div class=\"bde-column-364-133 bde-column\">\n  \n  \n\t\n\n\n\n<div class=\"bde-image-364-134 bde-image\">\n<figure class=\"breakdance-image breakdance-image--27\">\n\t<div class=\"breakdance-image-container\">\n\t\t<div class=\"breakdance-image-clip\"><img loading=\"lazy\" decoding=\"async\" class=\"breakdance-image-object\" src=\"https:\/\/sma.ee\/wp-content\/uploads\/2024\/02\/1_PS-cropped-scaled-1.jpg\" width=\"2560\" height=\"2458\" srcset=\"https:\/\/sma.ee\/wp-content\/uploads\/2024\/02\/1_PS-cropped-scaled-1.jpg 2560w, https:\/\/sma.ee\/wp-content\/uploads\/2024\/02\/1_PS-cropped-scaled-1-300x288.jpg 300w, https:\/\/sma.ee\/wp-content\/uploads\/2024\/02\/1_PS-cropped-scaled-1-1024x983.jpg 1024w, https:\/\/sma.ee\/wp-content\/uploads\/2024\/02\/1_PS-cropped-scaled-1-768x737.jpg 768w, https:\/\/sma.ee\/wp-content\/uploads\/2024\/02\/1_PS-cropped-scaled-1-1536x1475.jpg 1536w, https:\/\/sma.ee\/wp-content\/uploads\/2024\/02\/1_PS-cropped-scaled-1-2048x1966.jpg 2048w\" sizes=\"auto, (max-width: 2560px) 100vw, 2560px\"><\/div>\n\t<\/div><\/figure>\n\n<\/div>\n<\/div><div class=\"bde-column-364-135 bde-column\">\n  \n  \n\t\n\n\n\n<h2 class=\"bde-heading-364-136 bde-heading\">\nMore than 2000 successful projects\n<\/h2><div class=\"bde-text-364-137 bde-text\">\nWe have completed over 2000 projects in Estonia, Norway, Sweden and Finland.\n<\/div><div class=\"bde-text-364-138 bde-text\">\nWe specialise in designing large office, commercial and production buildings, but our portfolio also includes schools, kindergartens, private homes and special-purpose structures.\n<\/div><div class=\"bde-button-364-139 bde-button\">\n        \n    \n    \n    \n    \n            \n                    \n            \n            \n\n    \n    \n    \n    \n    \n    <a class=\"breakdance-link button-atom button-atom--primary bde-button__button\" href=\"#kontakt\" target=\"_self\" data-type=\"url\"  >\n\n    \n        <span class=\"button-atom__text\">Ask us for an offer<\/span>\n\n        \n        \n                <\/a>\n\n    \n\n\n<\/div>\n<\/div><\/div><\/div>\n<\/section>","protected":false},"excerpt":{"rendered":"<p>Tehnos\u00fcsteemid Tehnos\u00fcsteemide alla kuuluvad k\u00fctte-, ventilatsiooni ja jahutuss\u00fcsteemi (KVJ), vee ja kanalisatsiooni ning elektri, n\u00f5rkvoolu ja automaatika s\u00fcsteemide projekteerimine. K\u00fcte, ventilatsioon ja jahutus Hoone k\u00fctte- ja ventilatsioonis\u00fcsteemi projekteerimise aluseks on projekteerimistingimustes m\u00e4\u00e4ratud energian\u00f5uded. K\u00fctte-ja ventilatsiooni projektis lahendatakse vajadusel kompleksselt ka hoone jahutus ja tagatakse vastavus eesm\u00e4rgiks seatud energiam\u00e4rgisele. Koost\u00f6\u00f6s arhitekti ja konstruktoriga leitakse torustike ja [&hellip;]<\/p>\n","protected":false},"author":1,"featured_media":0,"parent":0,"menu_order":0,"comment_status":"closed","ping_status":"closed","template":"","meta":{"_acf_changed":false,"_breakdance_hide_in_design_set":false,"_breakdance_tags":"","footnotes":""},"class_list":["post-364","page","type-page","status-publish","hentry"],"acf":[],"yoast_head":"<!-- This site is optimized with the Yoast SEO plugin v27.4 - https:\/\/yoast.com\/product\/yoast-seo-wordpress\/ -->\n<title>Tehnos\u00fcsteemid - Sirkel &amp; Mall<\/title>\n<meta name=\"description\" content=\"K\u00fctte-, ventilatsiooni ja jahutuss\u00fcsteemide (KVJ), vee ja kanalisatsiooni ning elektri, n\u00f5rkvoolu ja automaatika s\u00fcsteemide projekteerimine.\" \/>\n<meta name=\"robots\" content=\"index, follow, max-snippet:-1, max-image-preview:large, max-video-preview:-1\" \/>\n<link rel=\"canonical\" href=\"https:\/\/sma.ee\/en\/tehnosusteemid\/\" \/>\n<meta property=\"og:locale\" content=\"en_GB\" \/>\n<meta property=\"og:type\" content=\"article\" \/>\n<meta property=\"og:title\" content=\"Tehnos\u00fcsteemid - Sirkel &amp; Mall\" \/>\n<meta property=\"og:description\" content=\"K\u00fctte-, ventilatsiooni ja jahutuss\u00fcsteemide (KVJ), vee ja kanalisatsiooni ning elektri, n\u00f5rkvoolu ja automaatika s\u00fcsteemide projekteerimine.\" \/>\n<meta property=\"og:url\" content=\"https:\/\/sma.ee\/en\/tehnosusteemid\/\" \/>\n<meta property=\"og:site_name\" content=\"Sirkel &amp; Mall\" \/>\n<meta property=\"article:publisher\" content=\"https:\/\/www.facebook.com\/sirkelandmall\" \/>\n<meta property=\"article:modified_time\" content=\"2024-09-18T08:34:24+00:00\" \/>\n<meta name=\"twitter:card\" content=\"summary_large_image\" \/>\n<meta name=\"twitter:label1\" content=\"Estimated reading time\" \/>\n\t<meta name=\"twitter:data1\" content=\"2 minutes\" \/>\n<script type=\"application\/ld+json\" class=\"yoast-schema-graph\">{\"@context\":\"https:\\\/\\\/schema.org\",\"@graph\":[{\"@type\":\"WebPage\",\"@id\":\"https:\\\/\\\/sma.ee\\\/tehnosusteemid\\\/\",\"url\":\"https:\\\/\\\/sma.ee\\\/tehnosusteemid\\\/\",\"name\":\"Tehnos\u00fcsteemid - Sirkel &amp; Mall\",\"isPartOf\":{\"@id\":\"https:\\\/\\\/sma.ee\\\/#website\"},\"datePublished\":\"2024-03-01T07:48:34+00:00\",\"dateModified\":\"2024-09-18T08:34:24+00:00\",\"description\":\"K\u00fctte-, ventilatsiooni ja jahutuss\u00fcsteemide (KVJ), vee ja kanalisatsiooni ning elektri, n\u00f5rkvoolu ja automaatika s\u00fcsteemide projekteerimine.\",\"breadcrumb\":{\"@id\":\"https:\\\/\\\/sma.ee\\\/tehnosusteemid\\\/#breadcrumb\"},\"inLanguage\":\"en-GB\",\"potentialAction\":[{\"@type\":\"ReadAction\",\"target\":[\"https:\\\/\\\/sma.ee\\\/tehnosusteemid\\\/\"]}]},{\"@type\":\"BreadcrumbList\",\"@id\":\"https:\\\/\\\/sma.ee\\\/tehnosusteemid\\\/#breadcrumb\",\"itemListElement\":[{\"@type\":\"ListItem\",\"position\":1,\"name\":\"Home\",\"item\":\"https:\\\/\\\/sma.ee\\\/\"},{\"@type\":\"ListItem\",\"position\":2,\"name\":\"Tehnos\u00fcsteemid\"}]},{\"@type\":\"WebSite\",\"@id\":\"https:\\\/\\\/sma.ee\\\/#website\",\"url\":\"https:\\\/\\\/sma.ee\\\/\",\"name\":\"Sirkel & Mall\",\"description\":\"Estonia's best architecture firm\",\"publisher\":{\"@id\":\"https:\\\/\\\/sma.ee\\\/#organization\"},\"potentialAction\":[{\"@type\":\"SearchAction\",\"target\":{\"@type\":\"EntryPoint\",\"urlTemplate\":\"https:\\\/\\\/sma.ee\\\/?s={search_term_string}\"},\"query-input\":{\"@type\":\"PropertyValueSpecification\",\"valueRequired\":true,\"valueName\":\"search_term_string\"}}],\"inLanguage\":\"en-GB\"},{\"@type\":\"Organization\",\"@id\":\"https:\\\/\\\/sma.ee\\\/#organization\",\"name\":\"Sirkel & Mall\",\"url\":\"https:\\\/\\\/sma.ee\\\/\",\"logo\":{\"@type\":\"ImageObject\",\"inLanguage\":\"en-GB\",\"@id\":\"https:\\\/\\\/sma.ee\\\/#\\\/schema\\\/logo\\\/image\\\/\",\"url\":\"https:\\\/\\\/sma.ee\\\/wp-content\\\/uploads\\\/2024\\\/02\\\/cropped-cropped-SirkelMall_icon512-2.png\",\"contentUrl\":\"https:\\\/\\\/sma.ee\\\/wp-content\\\/uploads\\\/2024\\\/02\\\/cropped-cropped-SirkelMall_icon512-2.png\",\"width\":512,\"height\":512,\"caption\":\"Sirkel & Mall\"},\"image\":{\"@id\":\"https:\\\/\\\/sma.ee\\\/#\\\/schema\\\/logo\\\/image\\\/\"},\"sameAs\":[\"https:\\\/\\\/www.facebook.com\\\/sirkelandmall\",\"https:\\\/\\\/www.linkedin.com\\\/company\\\/sirkeljamall\"]}]}<\/script>\n<!-- \/ Yoast SEO plugin. -->","yoast_head_json":{"title":"Tehnos\u00fcsteemid - Sirkel &amp; Mall","description":"K\u00fctte-, ventilatsiooni ja jahutuss\u00fcsteemide (KVJ), vee ja kanalisatsiooni ning elektri, n\u00f5rkvoolu ja automaatika s\u00fcsteemide projekteerimine.","robots":{"index":"index","follow":"follow","max-snippet":"max-snippet:-1","max-image-preview":"max-image-preview:large","max-video-preview":"max-video-preview:-1"},"canonical":"https:\/\/sma.ee\/en\/tehnosusteemid\/","og_locale":"en_GB","og_type":"article","og_title":"Tehnos\u00fcsteemid - Sirkel &amp; Mall","og_description":"K\u00fctte-, ventilatsiooni ja jahutuss\u00fcsteemide (KVJ), vee ja kanalisatsiooni ning elektri, n\u00f5rkvoolu ja automaatika s\u00fcsteemide projekteerimine.","og_url":"https:\/\/sma.ee\/en\/tehnosusteemid\/","og_site_name":"Sirkel &amp; Mall","article_publisher":"https:\/\/www.facebook.com\/sirkelandmall","article_modified_time":"2024-09-18T08:34:24+00:00","twitter_card":"summary_large_image","twitter_misc":{"Estimated reading time":"2 minutes"},"schema":{"@context":"https:\/\/schema.org","@graph":[{"@type":"WebPage","@id":"https:\/\/sma.ee\/tehnosusteemid\/","url":"https:\/\/sma.ee\/tehnosusteemid\/","name":"Tehnos\u00fcsteemid - Sirkel &amp; Mall","isPartOf":{"@id":"https:\/\/sma.ee\/#website"},"datePublished":"2024-03-01T07:48:34+00:00","dateModified":"2024-09-18T08:34:24+00:00","description":"K\u00fctte-, ventilatsiooni ja jahutuss\u00fcsteemide (KVJ), vee ja kanalisatsiooni ning elektri, n\u00f5rkvoolu ja automaatika s\u00fcsteemide projekteerimine.","breadcrumb":{"@id":"https:\/\/sma.ee\/tehnosusteemid\/#breadcrumb"},"inLanguage":"en-GB","potentialAction":[{"@type":"ReadAction","target":["https:\/\/sma.ee\/tehnosusteemid\/"]}]},{"@type":"BreadcrumbList","@id":"https:\/\/sma.ee\/tehnosusteemid\/#breadcrumb","itemListElement":[{"@type":"ListItem","position":1,"name":"Home","item":"https:\/\/sma.ee\/"},{"@type":"ListItem","position":2,"name":"Tehnos\u00fcsteemid"}]},{"@type":"WebSite","@id":"https:\/\/sma.ee\/#website","url":"https:\/\/sma.ee\/","name":"Sirkel &amp; Mall","description":"Estonia's best architecture firm","publisher":{"@id":"https:\/\/sma.ee\/#organization"},"potentialAction":[{"@type":"SearchAction","target":{"@type":"EntryPoint","urlTemplate":"https:\/\/sma.ee\/?s={search_term_string}"},"query-input":{"@type":"PropertyValueSpecification","valueRequired":true,"valueName":"search_term_string"}}],"inLanguage":"en-GB"},{"@type":"Organization","@id":"https:\/\/sma.ee\/#organization","name":"Sirkel &amp; Mall","url":"https:\/\/sma.ee\/","logo":{"@type":"ImageObject","inLanguage":"en-GB","@id":"https:\/\/sma.ee\/#\/schema\/logo\/image\/","url":"https:\/\/sma.ee\/wp-content\/uploads\/2024\/02\/cropped-cropped-SirkelMall_icon512-2.png","contentUrl":"https:\/\/sma.ee\/wp-content\/uploads\/2024\/02\/cropped-cropped-SirkelMall_icon512-2.png","width":512,"height":512,"caption":"Sirkel & Mall"},"image":{"@id":"https:\/\/sma.ee\/#\/schema\/logo\/image\/"},"sameAs":["https:\/\/www.facebook.com\/sirkelandmall","https:\/\/www.linkedin.com\/company\/sirkeljamall"]}]}},"_links":{"self":[{"href":"https:\/\/sma.ee\/en\/wp-json\/wp\/v2\/pages\/364","targetHints":{"allow":["GET"]}}],"collection":[{"href":"https:\/\/sma.ee\/en\/wp-json\/wp\/v2\/pages"}],"about":[{"href":"https:\/\/sma.ee\/en\/wp-json\/wp\/v2\/types\/page"}],"author":[{"embeddable":true,"href":"https:\/\/sma.ee\/en\/wp-json\/wp\/v2\/users\/1"}],"replies":[{"embeddable":true,"href":"https:\/\/sma.ee\/en\/wp-json\/wp\/v2\/comments?post=364"}],"version-history":[{"count":17,"href":"https:\/\/sma.ee\/en\/wp-json\/wp\/v2\/pages\/364\/revisions"}],"predecessor-version":[{"id":2975,"href":"https:\/\/sma.ee\/en\/wp-json\/wp\/v2\/pages\/364\/revisions\/2975"}],"wp:attachment":[{"href":"https:\/\/sma.ee\/en\/wp-json\/wp\/v2\/media?parent=364"}],"curies":[{"name":"wp","href":"https:\/\/api.w.org\/{rel}","templated":true}]}}