{"id":365,"date":"2024-03-01T07:48:45","date_gmt":"2024-03-01T07:48:45","guid":{"rendered":"https:\/\/sma.ee\/?page_id=365"},"modified":"2024-09-18T08:34:14","modified_gmt":"2024-09-18T08:34:14","slug":"projektijuhtimine","status":"publish","type":"page","link":"https:\/\/sma.ee\/en\/projektijuhtimine\/","title":{"rendered":"Project management"},"content":{"rendered":"<section class=\"bde-section-365-128 bde-section\">\n  \n  \n\t\n\n\n\n<div class=\"section-container\"><h1 class=\"bde-heading-365-129 bde-heading\">\nProject management\n<\/h1><div class=\"bde-fancy-divider-365-130 bde-fancy-divider\">\n\n\n<div class=\"bde-fancy-divider__wrapper\">\n  <div class=\"bde-fancy-divider__separator\">\n  \t  <\/div>\n<\/div>\n\n<\/div><\/div>\n<\/section><section class=\"bde-section-365-102 bde-section\">\n  \n  \n\t\n\n\n\n<div class=\"section-container\"><div class=\"bde-columns-365-103 bde-columns\"><div class=\"bde-column-365-104 bde-column\">\n  \n  \n\t\n\n\n\n<div class=\"bde-image-365-105 bde-image\">\n<figure class=\"breakdance-image breakdance-image--394\">\n\t<div class=\"breakdance-image-container\">\n\t\t<div class=\"breakdance-image-clip\"><img loading=\"lazy\" decoding=\"async\" class=\"breakdance-image-object\" src=\"https:\/\/sma.ee\/wp-content\/uploads\/2024\/03\/pildid-1200x627.001.jpeg\" width=\"1200\" height=\"627\" srcset=\"https:\/\/sma.ee\/wp-content\/uploads\/2024\/03\/pildid-1200x627.001.jpeg 1200w, https:\/\/sma.ee\/wp-content\/uploads\/2024\/03\/pildid-1200x627.001-300x157.jpeg 300w, https:\/\/sma.ee\/wp-content\/uploads\/2024\/03\/pildid-1200x627.001-1024x535.jpeg 1024w, https:\/\/sma.ee\/wp-content\/uploads\/2024\/03\/pildid-1200x627.001-768x401.jpeg 768w\" sizes=\"auto, (max-width: 1200px) 100vw, 1200px\"><\/div>\n\t<\/div><\/figure>\n\n<\/div>\n<\/div><div class=\"bde-column-365-107 bde-column\">\n  \n  \n\t\n\n\n\n<h4 class=\"bde-heading-365-108 bde-heading\">\nProject management ensures that all of the necessary resources are included in the design and engineering process and that the work is completed on schedule and to budget. The project manager is responsible for all project documentation.\n<\/h4><div class=\"bde-rich-text-365-109 bde-rich-text breakdance-rich-text-styles\">\n<p>In Sirkel &amp; Mall we use the LEAN method of process management to coordinate projects, and we draw up a pull plan for every project.<\/p>\n<p>A plan which is playful in terms of its form but constructive in terms of its content provides a visual overview of a project\u2019s status and of the steps that need to be taken by the team.<\/p>\n<p>Bringing everyone on board at the same time also makes them personally responsible for ensuring that they contribute as much as required within the timeframe set.<\/p>\n<p>In addition to pull-planning, we bring everyone on the design team for larger-scale projects together in what we call a Big Room so as to ensure that everything goes smoothly: that resources are utilised as effectively as possible, and that information moves swiftly between all the members of the team.<\/p>\n<\/div>\n<\/div><\/div><\/div>\n<\/section><section class=\"bde-section-365-131 bde-section\">\n  \n  \n\t\n\n\n\n<div class=\"section-container\"><div class=\"bde-columns-365-132 bde-columns\"><div class=\"bde-column-365-133 bde-column\">\n  \n  \n\t\n\n\n\n<div class=\"bde-image-365-134 bde-image\">\n<figure class=\"breakdance-image breakdance-image--27\">\n\t<div class=\"breakdance-image-container\">\n\t\t<div class=\"breakdance-image-clip\"><img loading=\"lazy\" decoding=\"async\" class=\"breakdance-image-object\" src=\"https:\/\/sma.ee\/wp-content\/uploads\/2024\/02\/1_PS-cropped-scaled-1.jpg\" width=\"2560\" height=\"2458\" srcset=\"https:\/\/sma.ee\/wp-content\/uploads\/2024\/02\/1_PS-cropped-scaled-1.jpg 2560w, https:\/\/sma.ee\/wp-content\/uploads\/2024\/02\/1_PS-cropped-scaled-1-300x288.jpg 300w, https:\/\/sma.ee\/wp-content\/uploads\/2024\/02\/1_PS-cropped-scaled-1-1024x983.jpg 1024w, https:\/\/sma.ee\/wp-content\/uploads\/2024\/02\/1_PS-cropped-scaled-1-768x737.jpg 768w, https:\/\/sma.ee\/wp-content\/uploads\/2024\/02\/1_PS-cropped-scaled-1-1536x1475.jpg 1536w, https:\/\/sma.ee\/wp-content\/uploads\/2024\/02\/1_PS-cropped-scaled-1-2048x1966.jpg 2048w\" sizes=\"auto, (max-width: 2560px) 100vw, 2560px\"><\/div>\n\t<\/div><\/figure>\n\n<\/div>\n<\/div><div class=\"bde-column-365-135 bde-column\">\n  \n  \n\t\n\n\n\n<h2 class=\"bde-heading-365-136 bde-heading\">\nMore than 2000 successful projects\n<\/h2><div class=\"bde-text-365-137 bde-text\">\nWe have completed over 2000 projects in Estonia, Norway, Sweden and Finland.\n<\/div><div class=\"bde-text-365-138 bde-text\">\nWe specialise in designing large office, commercial and production buildings, but our portfolio also includes schools, kindergartens, private homes and special-purpose structures.\n<\/div><div class=\"bde-button-365-139 bde-button\">\n        \n    \n    \n    \n    \n            \n                    \n            \n            \n\n    \n    \n    \n    \n    \n    <a class=\"breakdance-link button-atom button-atom--primary bde-button__button\" href=\"#kontakt\" target=\"_self\" data-type=\"url\"  >\n\n    \n        <span class=\"button-atom__text\">Ask us for an offer<\/span>\n\n        \n        \n                <\/a>\n\n    \n\n\n<\/div>\n<\/div><\/div><\/div>\n<\/section>","protected":false},"excerpt":{"rendered":"<p>Projektijuhtimine Projektijuhtimine kindlustab, et projekteerimise protsessi on kaastatud vajalikud ressursid, t\u00f6\u00f6 valmib ajakava ning eelarve kohaselt. Projektijuht vastutab kogu projekti dokumentatsiooni eest. Sirkel &amp; Mall\u2019is kasutame projektide koordineerimiseks LEAN-protsessijuhtimise metoodikat ja koostame igale projektile t\u00f5mbegraafiku ehk Pull Plan\u2019i. Vormilt m\u00e4nguline, kuid sisuliselt konstruktiivne plaan v\u00f5imaldab saada visuaalse \u00fclevaate projekti staatusest ja vajalikest sammudest, mis tiimi [&hellip;]<\/p>\n","protected":false},"author":1,"featured_media":0,"parent":0,"menu_order":0,"comment_status":"closed","ping_status":"closed","template":"","meta":{"_acf_changed":false,"_breakdance_hide_in_design_set":false,"_breakdance_tags":"","footnotes":""},"class_list":["post-365","page","type-page","status-publish","hentry"],"acf":[],"yoast_head":"<!-- This site is optimized with the Yoast SEO plugin v27.4 - https:\/\/yoast.com\/product\/yoast-seo-wordpress\/ -->\n<title>Projektijuhtimine - Sirkel &amp; Mall<\/title>\n<meta name=\"description\" content=\"Projekteerimise peat\u00f6\u00f6v\u00f5tt ja projektijuhtimine. Ajakava ja dokumentatsiooni koostamine suurtele ja v\u00e4ikestele projektidele. Pull-planning.\" \/>\n<meta name=\"robots\" content=\"index, follow, max-snippet:-1, max-image-preview:large, max-video-preview:-1\" \/>\n<link rel=\"canonical\" href=\"https:\/\/sma.ee\/en\/projektijuhtimine\/\" \/>\n<meta property=\"og:locale\" content=\"en_GB\" \/>\n<meta property=\"og:type\" content=\"article\" \/>\n<meta property=\"og:title\" content=\"Projektijuhtimine - Sirkel &amp; Mall\" \/>\n<meta property=\"og:description\" content=\"Projekteerimise peat\u00f6\u00f6v\u00f5tt ja projektijuhtimine. Ajakava ja dokumentatsiooni koostamine suurtele ja v\u00e4ikestele projektidele. Pull-planning.\" \/>\n<meta property=\"og:url\" content=\"https:\/\/sma.ee\/en\/projektijuhtimine\/\" \/>\n<meta property=\"og:site_name\" content=\"Sirkel &amp; Mall\" \/>\n<meta property=\"article:publisher\" content=\"https:\/\/www.facebook.com\/sirkelandmall\" \/>\n<meta property=\"article:modified_time\" content=\"2024-09-18T08:34:14+00:00\" \/>\n<meta name=\"twitter:card\" content=\"summary_large_image\" \/>\n<meta name=\"twitter:label1\" content=\"Estimated reading time\" \/>\n\t<meta name=\"twitter:data1\" content=\"2 minutes\" \/>\n<script type=\"application\/ld+json\" class=\"yoast-schema-graph\">{\"@context\":\"https:\\\/\\\/schema.org\",\"@graph\":[{\"@type\":\"WebPage\",\"@id\":\"https:\\\/\\\/sma.ee\\\/projektijuhtimine\\\/\",\"url\":\"https:\\\/\\\/sma.ee\\\/projektijuhtimine\\\/\",\"name\":\"Projektijuhtimine - Sirkel &amp; Mall\",\"isPartOf\":{\"@id\":\"https:\\\/\\\/sma.ee\\\/#website\"},\"datePublished\":\"2024-03-01T07:48:45+00:00\",\"dateModified\":\"2024-09-18T08:34:14+00:00\",\"description\":\"Projekteerimise peat\u00f6\u00f6v\u00f5tt ja projektijuhtimine. Ajakava ja dokumentatsiooni koostamine suurtele ja v\u00e4ikestele projektidele. Pull-planning.\",\"breadcrumb\":{\"@id\":\"https:\\\/\\\/sma.ee\\\/projektijuhtimine\\\/#breadcrumb\"},\"inLanguage\":\"en-GB\",\"potentialAction\":[{\"@type\":\"ReadAction\",\"target\":[\"https:\\\/\\\/sma.ee\\\/projektijuhtimine\\\/\"]}]},{\"@type\":\"BreadcrumbList\",\"@id\":\"https:\\\/\\\/sma.ee\\\/projektijuhtimine\\\/#breadcrumb\",\"itemListElement\":[{\"@type\":\"ListItem\",\"position\":1,\"name\":\"Home\",\"item\":\"https:\\\/\\\/sma.ee\\\/\"},{\"@type\":\"ListItem\",\"position\":2,\"name\":\"Projektijuhtimine\"}]},{\"@type\":\"WebSite\",\"@id\":\"https:\\\/\\\/sma.ee\\\/#website\",\"url\":\"https:\\\/\\\/sma.ee\\\/\",\"name\":\"Sirkel & Mall\",\"description\":\"Estonia's best architecture firm\",\"publisher\":{\"@id\":\"https:\\\/\\\/sma.ee\\\/#organization\"},\"potentialAction\":[{\"@type\":\"SearchAction\",\"target\":{\"@type\":\"EntryPoint\",\"urlTemplate\":\"https:\\\/\\\/sma.ee\\\/?s={search_term_string}\"},\"query-input\":{\"@type\":\"PropertyValueSpecification\",\"valueRequired\":true,\"valueName\":\"search_term_string\"}}],\"inLanguage\":\"en-GB\"},{\"@type\":\"Organization\",\"@id\":\"https:\\\/\\\/sma.ee\\\/#organization\",\"name\":\"Sirkel & Mall\",\"url\":\"https:\\\/\\\/sma.ee\\\/\",\"logo\":{\"@type\":\"ImageObject\",\"inLanguage\":\"en-GB\",\"@id\":\"https:\\\/\\\/sma.ee\\\/#\\\/schema\\\/logo\\\/image\\\/\",\"url\":\"https:\\\/\\\/sma.ee\\\/wp-content\\\/uploads\\\/2024\\\/02\\\/cropped-cropped-SirkelMall_icon512-2.png\",\"contentUrl\":\"https:\\\/\\\/sma.ee\\\/wp-content\\\/uploads\\\/2024\\\/02\\\/cropped-cropped-SirkelMall_icon512-2.png\",\"width\":512,\"height\":512,\"caption\":\"Sirkel & Mall\"},\"image\":{\"@id\":\"https:\\\/\\\/sma.ee\\\/#\\\/schema\\\/logo\\\/image\\\/\"},\"sameAs\":[\"https:\\\/\\\/www.facebook.com\\\/sirkelandmall\",\"https:\\\/\\\/www.linkedin.com\\\/company\\\/sirkeljamall\"]}]}<\/script>\n<!-- \/ Yoast SEO plugin. -->","yoast_head_json":{"title":"Projektijuhtimine - Sirkel &amp; Mall","description":"Projekteerimise peat\u00f6\u00f6v\u00f5tt ja projektijuhtimine. Ajakava ja dokumentatsiooni koostamine suurtele ja v\u00e4ikestele projektidele. Pull-planning.","robots":{"index":"index","follow":"follow","max-snippet":"max-snippet:-1","max-image-preview":"max-image-preview:large","max-video-preview":"max-video-preview:-1"},"canonical":"https:\/\/sma.ee\/en\/projektijuhtimine\/","og_locale":"en_GB","og_type":"article","og_title":"Projektijuhtimine - Sirkel &amp; Mall","og_description":"Projekteerimise peat\u00f6\u00f6v\u00f5tt ja projektijuhtimine. Ajakava ja dokumentatsiooni koostamine suurtele ja v\u00e4ikestele projektidele. Pull-planning.","og_url":"https:\/\/sma.ee\/en\/projektijuhtimine\/","og_site_name":"Sirkel &amp; Mall","article_publisher":"https:\/\/www.facebook.com\/sirkelandmall","article_modified_time":"2024-09-18T08:34:14+00:00","twitter_card":"summary_large_image","twitter_misc":{"Estimated reading time":"2 minutes"},"schema":{"@context":"https:\/\/schema.org","@graph":[{"@type":"WebPage","@id":"https:\/\/sma.ee\/projektijuhtimine\/","url":"https:\/\/sma.ee\/projektijuhtimine\/","name":"Projektijuhtimine - Sirkel &amp; Mall","isPartOf":{"@id":"https:\/\/sma.ee\/#website"},"datePublished":"2024-03-01T07:48:45+00:00","dateModified":"2024-09-18T08:34:14+00:00","description":"Projekteerimise peat\u00f6\u00f6v\u00f5tt ja projektijuhtimine. Ajakava ja dokumentatsiooni koostamine suurtele ja v\u00e4ikestele projektidele. Pull-planning.","breadcrumb":{"@id":"https:\/\/sma.ee\/projektijuhtimine\/#breadcrumb"},"inLanguage":"en-GB","potentialAction":[{"@type":"ReadAction","target":["https:\/\/sma.ee\/projektijuhtimine\/"]}]},{"@type":"BreadcrumbList","@id":"https:\/\/sma.ee\/projektijuhtimine\/#breadcrumb","itemListElement":[{"@type":"ListItem","position":1,"name":"Home","item":"https:\/\/sma.ee\/"},{"@type":"ListItem","position":2,"name":"Projektijuhtimine"}]},{"@type":"WebSite","@id":"https:\/\/sma.ee\/#website","url":"https:\/\/sma.ee\/","name":"Sirkel &amp; Mall","description":"Estonia's best architecture firm","publisher":{"@id":"https:\/\/sma.ee\/#organization"},"potentialAction":[{"@type":"SearchAction","target":{"@type":"EntryPoint","urlTemplate":"https:\/\/sma.ee\/?s={search_term_string}"},"query-input":{"@type":"PropertyValueSpecification","valueRequired":true,"valueName":"search_term_string"}}],"inLanguage":"en-GB"},{"@type":"Organization","@id":"https:\/\/sma.ee\/#organization","name":"Sirkel &amp; Mall","url":"https:\/\/sma.ee\/","logo":{"@type":"ImageObject","inLanguage":"en-GB","@id":"https:\/\/sma.ee\/#\/schema\/logo\/image\/","url":"https:\/\/sma.ee\/wp-content\/uploads\/2024\/02\/cropped-cropped-SirkelMall_icon512-2.png","contentUrl":"https:\/\/sma.ee\/wp-content\/uploads\/2024\/02\/cropped-cropped-SirkelMall_icon512-2.png","width":512,"height":512,"caption":"Sirkel & Mall"},"image":{"@id":"https:\/\/sma.ee\/#\/schema\/logo\/image\/"},"sameAs":["https:\/\/www.facebook.com\/sirkelandmall","https:\/\/www.linkedin.com\/company\/sirkeljamall"]}]}},"_links":{"self":[{"href":"https:\/\/sma.ee\/en\/wp-json\/wp\/v2\/pages\/365","targetHints":{"allow":["GET"]}}],"collection":[{"href":"https:\/\/sma.ee\/en\/wp-json\/wp\/v2\/pages"}],"about":[{"href":"https:\/\/sma.ee\/en\/wp-json\/wp\/v2\/types\/page"}],"author":[{"embeddable":true,"href":"https:\/\/sma.ee\/en\/wp-json\/wp\/v2\/users\/1"}],"replies":[{"embeddable":true,"href":"https:\/\/sma.ee\/en\/wp-json\/wp\/v2\/comments?post=365"}],"version-history":[{"count":12,"href":"https:\/\/sma.ee\/en\/wp-json\/wp\/v2\/pages\/365\/revisions"}],"predecessor-version":[{"id":3005,"href":"https:\/\/sma.ee\/en\/wp-json\/wp\/v2\/pages\/365\/revisions\/3005"}],"wp:attachment":[{"href":"https:\/\/sma.ee\/en\/wp-json\/wp\/v2\/media?parent=365"}],"curies":[{"name":"wp","href":"https:\/\/api.w.org\/{rel}","templated":true}]}}