{"id":366,"date":"2024-03-01T07:49:14","date_gmt":"2024-03-01T07:49:14","guid":{"rendered":"https:\/\/sma.ee\/?page_id=366"},"modified":"2024-09-18T08:34:06","modified_gmt":"2024-09-18T08:34:06","slug":"keskkond","status":"publish","type":"page","link":"https:\/\/sma.ee\/en\/keskkond\/","title":{"rendered":"Environment"},"content":{"rendered":"<section class=\"bde-section-366-128 bde-section\">\n  \n  \n\t\n\n\n\n<div class=\"section-container\"><h1 class=\"bde-heading-366-129 bde-heading\">\nEnvironment\n<\/h1><div class=\"bde-fancy-divider-366-130 bde-fancy-divider\">\n\n\n<div class=\"bde-fancy-divider__wrapper\">\n  <div class=\"bde-fancy-divider__separator\">\n  \t  <\/div>\n<\/div>\n\n<\/div><\/div>\n<\/section><section class=\"bde-section-366-102 bde-section\">\n  \n  \n\t\n\n\n\n<div class=\"section-container\"><div class=\"bde-columns-366-103 bde-columns\"><div class=\"bde-column-366-104 bde-column\">\n  \n  \n\t\n\n\n\n<div class=\"bde-image-366-105 bde-image\">\n<figure class=\"breakdance-image breakdance-image--397\">\n\t<div class=\"breakdance-image-container\">\n\t\t<div class=\"breakdance-image-clip\"><img loading=\"lazy\" decoding=\"async\" class=\"breakdance-image-object\" src=\"https:\/\/sma.ee\/wp-content\/uploads\/2024\/03\/Eramu_Nommel_1920x1080_hoovinurk-1536x864-1.jpg\" width=\"1536\" height=\"864\" srcset=\"https:\/\/sma.ee\/wp-content\/uploads\/2024\/03\/Eramu_Nommel_1920x1080_hoovinurk-1536x864-1.jpg 1536w, https:\/\/sma.ee\/wp-content\/uploads\/2024\/03\/Eramu_Nommel_1920x1080_hoovinurk-1536x864-1-300x169.jpg 300w, https:\/\/sma.ee\/wp-content\/uploads\/2024\/03\/Eramu_Nommel_1920x1080_hoovinurk-1536x864-1-1024x576.jpg 1024w, https:\/\/sma.ee\/wp-content\/uploads\/2024\/03\/Eramu_Nommel_1920x1080_hoovinurk-1536x864-1-768x432.jpg 768w\" sizes=\"auto, (max-width: 1536px) 100vw, 1536px\"><\/div>\n\t<\/div><\/figure>\n\n<\/div>\n<\/div><div class=\"bde-column-366-107 bde-column\">\n  \n  \n\t\n\n\n\n<h4 class=\"bde-heading-366-108 bde-heading\">\nSite plans, detailed plans, landscape architecture, energy ratings, development of renewable energy solutions and carbon footprint calculations.\n<\/h4><div class=\"bde-rich-text-366-109 bde-rich-text breakdance-rich-text-styles\">\n<p><strong>Site plans<\/strong><\/p>\n<p class=\"translation-block\">A geodetic map on a scale of 1:500 and the conditions set for the property are required for a site plan to be drafted.<\/p>\n<p>A site plan is designed to provide a property with a fully integrated solution fostering links between parking, roads, footpaths, landscaping, manoeuvring spaces and maintenance.<\/p>\n<p><strong>Detailed plans<\/strong><\/p>\n<p>The basis of all detailed plans is the Planning Act. A detailed plan is designed to implement comprehensive planning and create an integrated spatial solution. Its role lies in determining how properties can be used and whether and on what conditions buildings can be erected on them. Detailed plans are drafted in cooperation with the local government, technical network operators and other stakeholders. The time it takes to put a detailed plan together, from launch to implementation, depends on the size and location of the planning area, how responsive the local government planning office is and how cooperative other stakeholders are.<\/p>\n<p>A digital geodetic map on a scale of 1:500 is required for detailed plans to be drafted.<\/p>\n<p><strong>Landscape architecture<\/strong><\/p>\n<p>The architectural design of landscapes is based on the Building Code and the recommendations set out in the Estonian standards EVS 865-1:2013 and EVS 865-2:2014. A landscape architect puts together a project for the design and organisation of the outdoor space in question, analysing the surrounding environment in the process. Such a project can be standalone or form part of a construction project. In the case of the latter, the project is drawn up in cooperation with the architect. Both the time it takes to put a landscape architecture project together and how much it ultimately costs depend on the size and location of the area in question.<\/p>\n<p>A digital geodetic map on a scale of 1:500 is required for landscape architecture plans to be drafted.<\/p>\n<p><strong>Renewable energy solutions<\/strong><\/p>\n<p>Renewable energy is any form of energy which is obtained, without damaging the ecosystem, from renewable sources such as sunlight, wind, rain, waves and natural (geothermal) heat. Designing renewable energy solutions is one way of reducing the carbon footprint of buildings in the course of their use.<\/p>\n<p><strong>Energy analysis<\/strong><\/p>\n<p>During the drafting stage we produce initial simulations of the energy needs and indoor climate of a building in order to assess the impact that different options will have in regard to facade, sun-protection and MEP system solutions.<\/p>\n<p>We calculate the effect of the chosen solution on the indoor climate of different types of spaces and on the energy needs of the building as a whole, updating our objectives whenever needed.<\/p>\n<p>We use architectural modelling of spaces or groups of spaces and the requirements of MEP systems as input for this.<\/p>\n<p>During the preliminary design phase the energy efficiency engineer determines the heating, ventilation and air-conditioning needs of the building with the help of the simulation. Such simulations are generated for all types of spaces.<\/p>\n<p>In order to obtain a building permit, an energy analysis must be conducted in which the following can be analysed through modelling:<br \/>\u2013 Total energy needs and energy performance indicator<br \/>\u2013 Energy rating<br \/>\u2013 Check of room temperature in summer<\/p>\n<p>At the end of the construction phase we recalculate the building\u2019s projected energy needs, taking into account any changes made in the course of construction.<\/p>\n<\/div>\n<\/div><\/div><\/div>\n<\/section><section class=\"bde-section-366-131 bde-section\">\n  \n  \n\t\n\n\n\n<div class=\"section-container\"><div class=\"bde-columns-366-132 bde-columns\"><div class=\"bde-column-366-133 bde-column\">\n  \n  \n\t\n\n\n\n<div class=\"bde-image-366-134 bde-image\">\n<figure class=\"breakdance-image breakdance-image--27\">\n\t<div class=\"breakdance-image-container\">\n\t\t<div class=\"breakdance-image-clip\"><img loading=\"lazy\" decoding=\"async\" class=\"breakdance-image-object\" src=\"https:\/\/sma.ee\/wp-content\/uploads\/2024\/02\/1_PS-cropped-scaled-1.jpg\" width=\"2560\" height=\"2458\" srcset=\"https:\/\/sma.ee\/wp-content\/uploads\/2024\/02\/1_PS-cropped-scaled-1.jpg 2560w, https:\/\/sma.ee\/wp-content\/uploads\/2024\/02\/1_PS-cropped-scaled-1-300x288.jpg 300w, https:\/\/sma.ee\/wp-content\/uploads\/2024\/02\/1_PS-cropped-scaled-1-1024x983.jpg 1024w, https:\/\/sma.ee\/wp-content\/uploads\/2024\/02\/1_PS-cropped-scaled-1-768x737.jpg 768w, https:\/\/sma.ee\/wp-content\/uploads\/2024\/02\/1_PS-cropped-scaled-1-1536x1475.jpg 1536w, https:\/\/sma.ee\/wp-content\/uploads\/2024\/02\/1_PS-cropped-scaled-1-2048x1966.jpg 2048w\" sizes=\"auto, (max-width: 2560px) 100vw, 2560px\"><\/div>\n\t<\/div><\/figure>\n\n<\/div>\n<\/div><div class=\"bde-column-366-135 bde-column\">\n  \n  \n\t\n\n\n\n<h2 class=\"bde-heading-366-136 bde-heading\">\nMore than 2000 successful projects\n<\/h2><div class=\"bde-text-366-137 bde-text\">\nOleme teostanud \u00fcle 1500 projekti Eestis, Norras, Rootsis ja Soomes.\n<\/div><div class=\"bde-text-366-138 bde-text\">\nWe specialise in designing large office, commercial and production buildings, but our portfolio also includes schools, kindergartens, private homes and special-purpose structures.\n<\/div><div class=\"bde-button-366-139 bde-button\">\n        \n    \n    \n    \n    \n            \n                    \n            \n            \n\n    \n    \n    \n    \n    \n    <a class=\"breakdance-link button-atom button-atom--primary bde-button__button\" href=\"#kontakt\" target=\"_self\" data-type=\"url\"  >\n\n    \n        <span class=\"button-atom__text\">Ask us for an offer<\/span>\n\n        \n        \n                <\/a>\n\n    \n\n\n<\/div>\n<\/div><\/div><\/div>\n<\/section>","protected":false},"excerpt":{"rendered":"<p>Keskkond Detailplaneeringud, asendiplaanid, maastikuarhitektuur, energiam\u00e4rgised, taastuvenergia lahenduste v\u00e4ljat\u00f6\u00f6tamine ja s\u00fcsiniku jalaj\u00e4lje arvutused. Asendiplaanid Asendiplaani\u00a0 koostamise aluseks on\u00a0geodeetiline alusplaan\u00a0t\u00e4psusega 1:500 ja kinnistule esitatavad tingimused. Asendiplaani koostamise eesm\u00e4rk on anda kinnistule terviklahendus, mis h\u00f5lmab endas parkimise, liikumisteede, haljastuse, man\u00f6\u00f6verdamisalade ja heakorra omavaheliste seoste v\u00e4ljat\u00f6\u00f6tamist. Detailplaneeringud Detailplaneeringu koostamise aluseks on planeerimisseadus. Detailplaneeringu eesm\u00e4rk on eelk\u00f5ige \u00fcldplaneeringu elluviimine ja [&hellip;]<\/p>\n","protected":false},"author":1,"featured_media":0,"parent":0,"menu_order":0,"comment_status":"closed","ping_status":"closed","template":"","meta":{"_acf_changed":false,"_breakdance_hide_in_design_set":false,"_breakdance_tags":"","footnotes":""},"class_list":["post-366","page","type-page","status-publish","hentry"],"acf":[],"yoast_head":"<!-- This site is optimized with the Yoast SEO plugin v27.4 - https:\/\/yoast.com\/product\/yoast-seo-wordpress\/ -->\n<title>Keskkond - Sirkel &amp; Mall<\/title>\n<meta name=\"description\" content=\"Asendiplaanid, detailplaneeringud, maastikuarhitektuur, taastuvenergialahendused, energiam\u00e4rgised ja energiaanal\u00fc\u00fcsid.\" \/>\n<meta name=\"robots\" content=\"index, follow, max-snippet:-1, max-image-preview:large, max-video-preview:-1\" \/>\n<link rel=\"canonical\" href=\"https:\/\/sma.ee\/en\/keskkond\/\" \/>\n<meta property=\"og:locale\" content=\"en_GB\" \/>\n<meta property=\"og:type\" content=\"article\" \/>\n<meta property=\"og:title\" content=\"Keskkond - Sirkel &amp; Mall\" \/>\n<meta property=\"og:description\" content=\"Asendiplaanid, detailplaneeringud, maastikuarhitektuur, taastuvenergialahendused, energiam\u00e4rgised ja energiaanal\u00fc\u00fcsid.\" \/>\n<meta property=\"og:url\" content=\"https:\/\/sma.ee\/en\/keskkond\/\" \/>\n<meta property=\"og:site_name\" content=\"Sirkel &amp; Mall\" \/>\n<meta property=\"article:publisher\" content=\"https:\/\/www.facebook.com\/sirkelandmall\" \/>\n<meta property=\"article:modified_time\" content=\"2024-09-18T08:34:06+00:00\" \/>\n<meta name=\"twitter:card\" content=\"summary_large_image\" \/>\n<meta name=\"twitter:label1\" content=\"Estimated reading time\" \/>\n\t<meta name=\"twitter:data1\" content=\"3 minutes\" \/>\n<script type=\"application\/ld+json\" class=\"yoast-schema-graph\">{\"@context\":\"https:\\\/\\\/schema.org\",\"@graph\":[{\"@type\":\"WebPage\",\"@id\":\"https:\\\/\\\/sma.ee\\\/keskkond\\\/\",\"url\":\"https:\\\/\\\/sma.ee\\\/keskkond\\\/\",\"name\":\"Keskkond - Sirkel &amp; Mall\",\"isPartOf\":{\"@id\":\"https:\\\/\\\/sma.ee\\\/#website\"},\"datePublished\":\"2024-03-01T07:49:14+00:00\",\"dateModified\":\"2024-09-18T08:34:06+00:00\",\"description\":\"Asendiplaanid, detailplaneeringud, maastikuarhitektuur, taastuvenergialahendused, energiam\u00e4rgised ja energiaanal\u00fc\u00fcsid.\",\"breadcrumb\":{\"@id\":\"https:\\\/\\\/sma.ee\\\/keskkond\\\/#breadcrumb\"},\"inLanguage\":\"en-GB\",\"potentialAction\":[{\"@type\":\"ReadAction\",\"target\":[\"https:\\\/\\\/sma.ee\\\/keskkond\\\/\"]}]},{\"@type\":\"BreadcrumbList\",\"@id\":\"https:\\\/\\\/sma.ee\\\/keskkond\\\/#breadcrumb\",\"itemListElement\":[{\"@type\":\"ListItem\",\"position\":1,\"name\":\"Home\",\"item\":\"https:\\\/\\\/sma.ee\\\/\"},{\"@type\":\"ListItem\",\"position\":2,\"name\":\"Keskkond\"}]},{\"@type\":\"WebSite\",\"@id\":\"https:\\\/\\\/sma.ee\\\/#website\",\"url\":\"https:\\\/\\\/sma.ee\\\/\",\"name\":\"Sirkel & Mall\",\"description\":\"Estonia's best architecture firm\",\"publisher\":{\"@id\":\"https:\\\/\\\/sma.ee\\\/#organization\"},\"potentialAction\":[{\"@type\":\"SearchAction\",\"target\":{\"@type\":\"EntryPoint\",\"urlTemplate\":\"https:\\\/\\\/sma.ee\\\/?s={search_term_string}\"},\"query-input\":{\"@type\":\"PropertyValueSpecification\",\"valueRequired\":true,\"valueName\":\"search_term_string\"}}],\"inLanguage\":\"en-GB\"},{\"@type\":\"Organization\",\"@id\":\"https:\\\/\\\/sma.ee\\\/#organization\",\"name\":\"Sirkel & Mall\",\"url\":\"https:\\\/\\\/sma.ee\\\/\",\"logo\":{\"@type\":\"ImageObject\",\"inLanguage\":\"en-GB\",\"@id\":\"https:\\\/\\\/sma.ee\\\/#\\\/schema\\\/logo\\\/image\\\/\",\"url\":\"https:\\\/\\\/sma.ee\\\/wp-content\\\/uploads\\\/2024\\\/02\\\/cropped-cropped-SirkelMall_icon512-2.png\",\"contentUrl\":\"https:\\\/\\\/sma.ee\\\/wp-content\\\/uploads\\\/2024\\\/02\\\/cropped-cropped-SirkelMall_icon512-2.png\",\"width\":512,\"height\":512,\"caption\":\"Sirkel & Mall\"},\"image\":{\"@id\":\"https:\\\/\\\/sma.ee\\\/#\\\/schema\\\/logo\\\/image\\\/\"},\"sameAs\":[\"https:\\\/\\\/www.facebook.com\\\/sirkelandmall\",\"https:\\\/\\\/www.linkedin.com\\\/company\\\/sirkeljamall\"]}]}<\/script>\n<!-- \/ Yoast SEO plugin. -->","yoast_head_json":{"title":"Keskkond - Sirkel &amp; Mall","description":"Asendiplaanid, detailplaneeringud, maastikuarhitektuur, taastuvenergialahendused, energiam\u00e4rgised ja energiaanal\u00fc\u00fcsid.","robots":{"index":"index","follow":"follow","max-snippet":"max-snippet:-1","max-image-preview":"max-image-preview:large","max-video-preview":"max-video-preview:-1"},"canonical":"https:\/\/sma.ee\/en\/keskkond\/","og_locale":"en_GB","og_type":"article","og_title":"Keskkond - Sirkel &amp; Mall","og_description":"Asendiplaanid, detailplaneeringud, maastikuarhitektuur, taastuvenergialahendused, energiam\u00e4rgised ja energiaanal\u00fc\u00fcsid.","og_url":"https:\/\/sma.ee\/en\/keskkond\/","og_site_name":"Sirkel &amp; Mall","article_publisher":"https:\/\/www.facebook.com\/sirkelandmall","article_modified_time":"2024-09-18T08:34:06+00:00","twitter_card":"summary_large_image","twitter_misc":{"Estimated reading time":"3 minutes"},"schema":{"@context":"https:\/\/schema.org","@graph":[{"@type":"WebPage","@id":"https:\/\/sma.ee\/keskkond\/","url":"https:\/\/sma.ee\/keskkond\/","name":"Keskkond - Sirkel &amp; Mall","isPartOf":{"@id":"https:\/\/sma.ee\/#website"},"datePublished":"2024-03-01T07:49:14+00:00","dateModified":"2024-09-18T08:34:06+00:00","description":"Asendiplaanid, detailplaneeringud, maastikuarhitektuur, taastuvenergialahendused, energiam\u00e4rgised ja energiaanal\u00fc\u00fcsid.","breadcrumb":{"@id":"https:\/\/sma.ee\/keskkond\/#breadcrumb"},"inLanguage":"en-GB","potentialAction":[{"@type":"ReadAction","target":["https:\/\/sma.ee\/keskkond\/"]}]},{"@type":"BreadcrumbList","@id":"https:\/\/sma.ee\/keskkond\/#breadcrumb","itemListElement":[{"@type":"ListItem","position":1,"name":"Home","item":"https:\/\/sma.ee\/"},{"@type":"ListItem","position":2,"name":"Keskkond"}]},{"@type":"WebSite","@id":"https:\/\/sma.ee\/#website","url":"https:\/\/sma.ee\/","name":"Sirkel &amp; Mall","description":"Estonia's best architecture firm","publisher":{"@id":"https:\/\/sma.ee\/#organization"},"potentialAction":[{"@type":"SearchAction","target":{"@type":"EntryPoint","urlTemplate":"https:\/\/sma.ee\/?s={search_term_string}"},"query-input":{"@type":"PropertyValueSpecification","valueRequired":true,"valueName":"search_term_string"}}],"inLanguage":"en-GB"},{"@type":"Organization","@id":"https:\/\/sma.ee\/#organization","name":"Sirkel &amp; Mall","url":"https:\/\/sma.ee\/","logo":{"@type":"ImageObject","inLanguage":"en-GB","@id":"https:\/\/sma.ee\/#\/schema\/logo\/image\/","url":"https:\/\/sma.ee\/wp-content\/uploads\/2024\/02\/cropped-cropped-SirkelMall_icon512-2.png","contentUrl":"https:\/\/sma.ee\/wp-content\/uploads\/2024\/02\/cropped-cropped-SirkelMall_icon512-2.png","width":512,"height":512,"caption":"Sirkel & Mall"},"image":{"@id":"https:\/\/sma.ee\/#\/schema\/logo\/image\/"},"sameAs":["https:\/\/www.facebook.com\/sirkelandmall","https:\/\/www.linkedin.com\/company\/sirkeljamall"]}]}},"_links":{"self":[{"href":"https:\/\/sma.ee\/en\/wp-json\/wp\/v2\/pages\/366","targetHints":{"allow":["GET"]}}],"collection":[{"href":"https:\/\/sma.ee\/en\/wp-json\/wp\/v2\/pages"}],"about":[{"href":"https:\/\/sma.ee\/en\/wp-json\/wp\/v2\/types\/page"}],"author":[{"embeddable":true,"href":"https:\/\/sma.ee\/en\/wp-json\/wp\/v2\/users\/1"}],"replies":[{"embeddable":true,"href":"https:\/\/sma.ee\/en\/wp-json\/wp\/v2\/comments?post=366"}],"version-history":[{"count":12,"href":"https:\/\/sma.ee\/en\/wp-json\/wp\/v2\/pages\/366\/revisions"}],"predecessor-version":[{"id":3003,"href":"https:\/\/sma.ee\/en\/wp-json\/wp\/v2\/pages\/366\/revisions\/3003"}],"wp:attachment":[{"href":"https:\/\/sma.ee\/en\/wp-json\/wp\/v2\/media?parent=366"}],"curies":[{"name":"wp","href":"https:\/\/api.w.org\/{rel}","templated":true}]}}