{"id":367,"date":"2024-03-01T07:49:26","date_gmt":"2024-03-01T07:49:26","guid":{"rendered":"https:\/\/sma.ee\/?page_id=367"},"modified":"2024-09-18T08:34:18","modified_gmt":"2024-09-18T08:34:18","slug":"rajatised","status":"publish","type":"page","link":"https:\/\/sma.ee\/en\/rajatised\/","title":{"rendered":"Structures"},"content":{"rendered":"<section class=\"bde-section-367-128 bde-section\">\n  \n  \n\t\n\n\n\n<div class=\"section-container\"><h1 class=\"bde-heading-367-129 bde-heading\">\nStructures\n<\/h1><div class=\"bde-fancy-divider-367-130 bde-fancy-divider\">\n\n\n<div class=\"bde-fancy-divider__wrapper\">\n  <div class=\"bde-fancy-divider__separator\">\n  \t  <\/div>\n<\/div>\n\n<\/div><\/div>\n<\/section><section class=\"bde-section-367-102 bde-section\">\n  \n  \n\t\n\n\n\n<div class=\"section-container\"><div class=\"bde-columns-367-103 bde-columns\"><div class=\"bde-column-367-104 bde-column\">\n  \n  \n\t\n\n\n\n<div class=\"bde-image-367-105 bde-image\">\n<figure class=\"breakdance-image breakdance-image--405\">\n\t<div class=\"breakdance-image-container\">\n\t\t<div class=\"breakdance-image-clip\"><img loading=\"lazy\" decoding=\"async\" class=\"breakdance-image-object\" src=\"https:\/\/sma.ee\/wp-content\/uploads\/2024\/03\/Ahtme-katlamaja_1-1536x864-1.jpg\" width=\"1536\" height=\"864\" srcset=\"https:\/\/sma.ee\/wp-content\/uploads\/2024\/03\/Ahtme-katlamaja_1-1536x864-1.jpg 1536w, https:\/\/sma.ee\/wp-content\/uploads\/2024\/03\/Ahtme-katlamaja_1-1536x864-1-300x169.jpg 300w, https:\/\/sma.ee\/wp-content\/uploads\/2024\/03\/Ahtme-katlamaja_1-1536x864-1-1024x576.jpg 1024w, https:\/\/sma.ee\/wp-content\/uploads\/2024\/03\/Ahtme-katlamaja_1-1536x864-1-768x432.jpg 768w\" sizes=\"auto, (max-width: 1536px) 100vw, 1536px\"><\/div>\n\t<\/div><\/figure>\n\n<\/div>\n<\/div><div class=\"bde-column-367-107 bde-column\">\n  \n  \n\t\n\n\n\n<h4 class=\"bde-heading-367-108 bde-heading\">\nIndustrial buildings, port facilities, pumping stations, underground constructions, liquid storage tanks, roads, plazas and the external technical networks of buildings all fall under the umbrella term of \u2018structures\u2019.\n<\/h4><div class=\"bde-rich-text-367-109 bde-rich-text breakdance-rich-text-styles\">\n<p>Industrial buildings, port facilities, pumping stations, underground constructions, liquid storage tanks, roads, plazas and the external technical networks of buildings.<\/p>\n<\/div>\n<\/div><\/div><\/div>\n<\/section><section class=\"bde-section-367-131 bde-section\">\n  \n  \n\t\n\n\n\n<div class=\"section-container\"><div class=\"bde-columns-367-132 bde-columns\"><div class=\"bde-column-367-133 bde-column\">\n  \n  \n\t\n\n\n\n<div class=\"bde-image-367-134 bde-image\">\n<figure class=\"breakdance-image breakdance-image--27\">\n\t<div class=\"breakdance-image-container\">\n\t\t<div class=\"breakdance-image-clip\"><img loading=\"lazy\" decoding=\"async\" class=\"breakdance-image-object\" src=\"https:\/\/sma.ee\/wp-content\/uploads\/2024\/02\/1_PS-cropped-scaled-1.jpg\" width=\"2560\" height=\"2458\" srcset=\"https:\/\/sma.ee\/wp-content\/uploads\/2024\/02\/1_PS-cropped-scaled-1.jpg 2560w, https:\/\/sma.ee\/wp-content\/uploads\/2024\/02\/1_PS-cropped-scaled-1-300x288.jpg 300w, https:\/\/sma.ee\/wp-content\/uploads\/2024\/02\/1_PS-cropped-scaled-1-1024x983.jpg 1024w, https:\/\/sma.ee\/wp-content\/uploads\/2024\/02\/1_PS-cropped-scaled-1-768x737.jpg 768w, https:\/\/sma.ee\/wp-content\/uploads\/2024\/02\/1_PS-cropped-scaled-1-1536x1475.jpg 1536w, https:\/\/sma.ee\/wp-content\/uploads\/2024\/02\/1_PS-cropped-scaled-1-2048x1966.jpg 2048w\" sizes=\"auto, (max-width: 2560px) 100vw, 2560px\"><\/div>\n\t<\/div><\/figure>\n\n<\/div>\n<\/div><div class=\"bde-column-367-135 bde-column\">\n  \n  \n\t\n\n\n\n<h2 class=\"bde-heading-367-136 bde-heading\">\nMore than 2000 successful projects\n<\/h2><div class=\"bde-text-367-137 bde-text\">\nWe have completed over 2000 projects in Estonia, Norway, Sweden and Finland.\n<\/div><div class=\"bde-text-367-138 bde-text\">\nWe specialise in designing large office, commercial and production buildings, but our portfolio also includes schools, kindergartens, private homes and special-purpose structures.\n<\/div><div class=\"bde-button-367-139 bde-button\">\n        \n    \n    \n    \n    \n            \n                    \n            \n            \n\n    \n    \n    \n    \n    \n    <a class=\"breakdance-link button-atom button-atom--primary bde-button__button\" href=\"#kontakt\" target=\"_self\" data-type=\"url\"  >\n\n    \n        <span class=\"button-atom__text\">Ask us for an offer<\/span>\n\n        \n        \n                <\/a>\n\n    \n\n\n<\/div>\n<\/div><\/div><\/div>\n<\/section>","protected":false},"excerpt":{"rendered":"<p>Rajatised Rajatisteks loetakse t\u00f6\u00f6stusehitisi, sadamarajatisi, pumplaid, maa-aluseid konstruktsioone, vedelike mahuteid, teid ja platse ning hoonete v\u00e4lised tehnov\u00f5rke. T\u00f6\u00f6stusehitised, sadamarajatised, pumplad, maa-alused konstruktsioonid, vedelike mahutid, teed ja platsid ning hoonete v\u00e4lised tehnov\u00f5rgud. \u00dcle 2000 eduka projekti Oleme teostanud \u00fcle 2000 projekti Eestis, Norras, Rootsis ja Soomes. Oleme spetsialiseerunud suurte b\u00fcroo-, kaubandus- ja tootmishoonete projekteerimisele, kuid meie [&hellip;]<\/p>\n","protected":false},"author":1,"featured_media":0,"parent":0,"menu_order":0,"comment_status":"closed","ping_status":"closed","template":"","meta":{"_acf_changed":false,"_breakdance_hide_in_design_set":false,"_breakdance_tags":"","footnotes":""},"class_list":["post-367","page","type-page","status-publish","hentry"],"acf":[],"yoast_head":"<!-- This site is optimized with the Yoast SEO plugin v27.4 - https:\/\/yoast.com\/product\/yoast-seo-wordpress\/ -->\n<title>Rajatised - Sirkel &amp; Mall<\/title>\n<meta name=\"description\" content=\"T\u00f6\u00f6stusehitised, sadamarajatised, pumplad, maa-alused konstruktsioonid, vedelike mahutid, teed ja platsid ning hoonete v\u00e4lised tehnov\u00f5rgud.\" \/>\n<meta name=\"robots\" content=\"index, follow, max-snippet:-1, max-image-preview:large, max-video-preview:-1\" \/>\n<link rel=\"canonical\" href=\"https:\/\/sma.ee\/en\/rajatised\/\" \/>\n<meta property=\"og:locale\" content=\"en_GB\" \/>\n<meta property=\"og:type\" content=\"article\" \/>\n<meta property=\"og:title\" content=\"Rajatised - Sirkel &amp; Mall\" \/>\n<meta property=\"og:description\" content=\"T\u00f6\u00f6stusehitised, sadamarajatised, pumplad, maa-alused konstruktsioonid, vedelike mahutid, teed ja platsid ning hoonete v\u00e4lised tehnov\u00f5rgud.\" \/>\n<meta property=\"og:url\" content=\"https:\/\/sma.ee\/en\/rajatised\/\" \/>\n<meta property=\"og:site_name\" content=\"Sirkel &amp; Mall\" \/>\n<meta property=\"article:publisher\" content=\"https:\/\/www.facebook.com\/sirkelandmall\" \/>\n<meta property=\"article:modified_time\" content=\"2024-09-18T08:34:18+00:00\" \/>\n<meta name=\"twitter:card\" content=\"summary_large_image\" \/>\n<meta name=\"twitter:label1\" content=\"Estimated reading time\" \/>\n\t<meta name=\"twitter:data1\" content=\"1 minute\" \/>\n<script type=\"application\/ld+json\" class=\"yoast-schema-graph\">{\"@context\":\"https:\\\/\\\/schema.org\",\"@graph\":[{\"@type\":\"WebPage\",\"@id\":\"https:\\\/\\\/sma.ee\\\/rajatised\\\/\",\"url\":\"https:\\\/\\\/sma.ee\\\/rajatised\\\/\",\"name\":\"Rajatised - Sirkel &amp; Mall\",\"isPartOf\":{\"@id\":\"https:\\\/\\\/sma.ee\\\/#website\"},\"datePublished\":\"2024-03-01T07:49:26+00:00\",\"dateModified\":\"2024-09-18T08:34:18+00:00\",\"description\":\"T\u00f6\u00f6stusehitised, sadamarajatised, pumplad, maa-alused konstruktsioonid, vedelike mahutid, teed ja platsid ning hoonete v\u00e4lised tehnov\u00f5rgud.\",\"breadcrumb\":{\"@id\":\"https:\\\/\\\/sma.ee\\\/rajatised\\\/#breadcrumb\"},\"inLanguage\":\"en-GB\",\"potentialAction\":[{\"@type\":\"ReadAction\",\"target\":[\"https:\\\/\\\/sma.ee\\\/rajatised\\\/\"]}]},{\"@type\":\"BreadcrumbList\",\"@id\":\"https:\\\/\\\/sma.ee\\\/rajatised\\\/#breadcrumb\",\"itemListElement\":[{\"@type\":\"ListItem\",\"position\":1,\"name\":\"Home\",\"item\":\"https:\\\/\\\/sma.ee\\\/\"},{\"@type\":\"ListItem\",\"position\":2,\"name\":\"Rajatised\"}]},{\"@type\":\"WebSite\",\"@id\":\"https:\\\/\\\/sma.ee\\\/#website\",\"url\":\"https:\\\/\\\/sma.ee\\\/\",\"name\":\"Sirkel & Mall\",\"description\":\"Estonia's best architecture firm\",\"publisher\":{\"@id\":\"https:\\\/\\\/sma.ee\\\/#organization\"},\"potentialAction\":[{\"@type\":\"SearchAction\",\"target\":{\"@type\":\"EntryPoint\",\"urlTemplate\":\"https:\\\/\\\/sma.ee\\\/?s={search_term_string}\"},\"query-input\":{\"@type\":\"PropertyValueSpecification\",\"valueRequired\":true,\"valueName\":\"search_term_string\"}}],\"inLanguage\":\"en-GB\"},{\"@type\":\"Organization\",\"@id\":\"https:\\\/\\\/sma.ee\\\/#organization\",\"name\":\"Sirkel & Mall\",\"url\":\"https:\\\/\\\/sma.ee\\\/\",\"logo\":{\"@type\":\"ImageObject\",\"inLanguage\":\"en-GB\",\"@id\":\"https:\\\/\\\/sma.ee\\\/#\\\/schema\\\/logo\\\/image\\\/\",\"url\":\"https:\\\/\\\/sma.ee\\\/wp-content\\\/uploads\\\/2024\\\/02\\\/cropped-cropped-SirkelMall_icon512-2.png\",\"contentUrl\":\"https:\\\/\\\/sma.ee\\\/wp-content\\\/uploads\\\/2024\\\/02\\\/cropped-cropped-SirkelMall_icon512-2.png\",\"width\":512,\"height\":512,\"caption\":\"Sirkel & Mall\"},\"image\":{\"@id\":\"https:\\\/\\\/sma.ee\\\/#\\\/schema\\\/logo\\\/image\\\/\"},\"sameAs\":[\"https:\\\/\\\/www.facebook.com\\\/sirkelandmall\",\"https:\\\/\\\/www.linkedin.com\\\/company\\\/sirkeljamall\"]}]}<\/script>\n<!-- \/ Yoast SEO plugin. -->","yoast_head_json":{"title":"Rajatised - Sirkel &amp; Mall","description":"Industrial buildings, port facilities, pumping stations, underground constructions, liquid storage tanks, roads, plazas and the external technical networks of buildings.","robots":{"index":"index","follow":"follow","max-snippet":"max-snippet:-1","max-image-preview":"max-image-preview:large","max-video-preview":"max-video-preview:-1"},"canonical":"https:\/\/sma.ee\/en\/rajatised\/","og_locale":"en_GB","og_type":"article","og_title":"Rajatised - Sirkel &amp; Mall","og_description":"T\u00f6\u00f6stusehitised, sadamarajatised, pumplad, maa-alused konstruktsioonid, vedelike mahutid, teed ja platsid ning hoonete v\u00e4lised tehnov\u00f5rgud.","og_url":"https:\/\/sma.ee\/en\/rajatised\/","og_site_name":"Sirkel &amp; Mall","article_publisher":"https:\/\/www.facebook.com\/sirkelandmall","article_modified_time":"2024-09-18T08:34:18+00:00","twitter_card":"summary_large_image","twitter_misc":{"Estimated reading time":"1 minute"},"schema":{"@context":"https:\/\/schema.org","@graph":[{"@type":"WebPage","@id":"https:\/\/sma.ee\/rajatised\/","url":"https:\/\/sma.ee\/rajatised\/","name":"Rajatised - Sirkel &amp; Mall","isPartOf":{"@id":"https:\/\/sma.ee\/#website"},"datePublished":"2024-03-01T07:49:26+00:00","dateModified":"2024-09-18T08:34:18+00:00","description":"Industrial buildings, port facilities, pumping stations, underground constructions, liquid storage tanks, roads, plazas and the external technical networks of buildings.","breadcrumb":{"@id":"https:\/\/sma.ee\/rajatised\/#breadcrumb"},"inLanguage":"en-GB","potentialAction":[{"@type":"ReadAction","target":["https:\/\/sma.ee\/rajatised\/"]}]},{"@type":"BreadcrumbList","@id":"https:\/\/sma.ee\/rajatised\/#breadcrumb","itemListElement":[{"@type":"ListItem","position":1,"name":"Home","item":"https:\/\/sma.ee\/"},{"@type":"ListItem","position":2,"name":"Rajatised"}]},{"@type":"WebSite","@id":"https:\/\/sma.ee\/#website","url":"https:\/\/sma.ee\/","name":"Sirkel &amp; Mall","description":"Estonia's best architecture firm","publisher":{"@id":"https:\/\/sma.ee\/#organization"},"potentialAction":[{"@type":"SearchAction","target":{"@type":"EntryPoint","urlTemplate":"https:\/\/sma.ee\/?s={search_term_string}"},"query-input":{"@type":"PropertyValueSpecification","valueRequired":true,"valueName":"search_term_string"}}],"inLanguage":"en-GB"},{"@type":"Organization","@id":"https:\/\/sma.ee\/#organization","name":"Sirkel &amp; Mall","url":"https:\/\/sma.ee\/","logo":{"@type":"ImageObject","inLanguage":"en-GB","@id":"https:\/\/sma.ee\/#\/schema\/logo\/image\/","url":"https:\/\/sma.ee\/wp-content\/uploads\/2024\/02\/cropped-cropped-SirkelMall_icon512-2.png","contentUrl":"https:\/\/sma.ee\/wp-content\/uploads\/2024\/02\/cropped-cropped-SirkelMall_icon512-2.png","width":512,"height":512,"caption":"Sirkel & Mall"},"image":{"@id":"https:\/\/sma.ee\/#\/schema\/logo\/image\/"},"sameAs":["https:\/\/www.facebook.com\/sirkelandmall","https:\/\/www.linkedin.com\/company\/sirkeljamall"]}]}},"_links":{"self":[{"href":"https:\/\/sma.ee\/en\/wp-json\/wp\/v2\/pages\/367","targetHints":{"allow":["GET"]}}],"collection":[{"href":"https:\/\/sma.ee\/en\/wp-json\/wp\/v2\/pages"}],"about":[{"href":"https:\/\/sma.ee\/en\/wp-json\/wp\/v2\/types\/page"}],"author":[{"embeddable":true,"href":"https:\/\/sma.ee\/en\/wp-json\/wp\/v2\/users\/1"}],"replies":[{"embeddable":true,"href":"https:\/\/sma.ee\/en\/wp-json\/wp\/v2\/comments?post=367"}],"version-history":[{"count":15,"href":"https:\/\/sma.ee\/en\/wp-json\/wp\/v2\/pages\/367\/revisions"}],"predecessor-version":[{"id":3006,"href":"https:\/\/sma.ee\/en\/wp-json\/wp\/v2\/pages\/367\/revisions\/3006"}],"wp:attachment":[{"href":"https:\/\/sma.ee\/en\/wp-json\/wp\/v2\/media?parent=367"}],"curies":[{"name":"wp","href":"https:\/\/api.w.org\/{rel}","templated":true}]}}