{"id":575,"date":"2024-03-04T08:57:03","date_gmt":"2024-03-04T08:57:03","guid":{"rendered":"https:\/\/sma.ee\/?page_id=575"},"modified":"2024-09-09T09:06:28","modified_gmt":"2024-09-09T09:06:28","slug":"pohimotted","status":"publish","type":"page","link":"https:\/\/sma.ee\/en\/pohimotted\/","title":{"rendered":"Our principles"},"content":{"rendered":"<section class=\"bde-section-575-299 bde-section\">\n  \n  \n\t\n\n\n\n<div class=\"section-container\"><h1 class=\"bde-heading-575-300 bde-heading\">\nOur principles\n<\/h1><div class=\"bde-fancy-divider-575-301 bde-fancy-divider\">\n\n\n<div class=\"bde-fancy-divider__wrapper\">\n  <div class=\"bde-fancy-divider__separator\">\n  \t  <\/div>\n<\/div>\n\n<\/div><\/div>\n<\/section><section class=\"bde-section-575-107 bde-section\">\n  \n  \n\t\n\n\n\n<div class=\"section-container\"><div class=\"bde-columns-575-108 bde-columns\"><div class=\"bde-column-575-109 bde-column\">\n  \n  \n\t\n\n\n\n<div class=\"bde-image-575-110 bde-image\">\n<figure class=\"breakdance-image breakdance-image--562\">\n\t<div class=\"breakdance-image-container\">\n\t\t<div class=\"breakdance-image-clip\"><img loading=\"lazy\" decoding=\"async\" class=\"breakdance-image-object\" src=\"https:\/\/sma.ee\/wp-content\/uploads\/2024\/03\/Tiskre_Kool_Aileron_1920x1080.003-1.jpeg\" width=\"1920\" height=\"1080\" srcset=\"https:\/\/sma.ee\/wp-content\/uploads\/2024\/03\/Tiskre_Kool_Aileron_1920x1080.003-1.jpeg 1920w, https:\/\/sma.ee\/wp-content\/uploads\/2024\/03\/Tiskre_Kool_Aileron_1920x1080.003-1-300x169.jpeg 300w, https:\/\/sma.ee\/wp-content\/uploads\/2024\/03\/Tiskre_Kool_Aileron_1920x1080.003-1-1024x576.jpeg 1024w, https:\/\/sma.ee\/wp-content\/uploads\/2024\/03\/Tiskre_Kool_Aileron_1920x1080.003-1-768x432.jpeg 768w, https:\/\/sma.ee\/wp-content\/uploads\/2024\/03\/Tiskre_Kool_Aileron_1920x1080.003-1-1536x864.jpeg 1536w\" sizes=\"auto, (max-width: 1920px) 100vw, 1920px\"><\/div>\n\t<\/div><\/figure>\n\n<\/div>\n<\/div><div class=\"bde-column-575-111 bde-column\">\n  \n  \n\t\n\n\n\n<div class=\"bde-rich-text-575-295 bde-rich-text breakdance-rich-text-styles\">\n<p><a title=\"Our team\" href=\"https:\/\/sma.ee\/en\/our-team\/\">The entire Sirkel &amp; Mall team<\/a> is guided by common principles. Shared values mean a strong team, and a strong team is an effective one that can dedicate itself to achieving the company\u2019s objectives. Common principles have also shaped our company\u2019s culture, which informs our approach to recruiting team members and seeking out partners.<\/p>\n<\/div><div class=\"bde-button-575-114 bde-button\">\n        \n    \n    \n    \n    \n            \n                    \n            \n            \n\n    \n    \n    \n    \n    \n    <a class=\"breakdance-link button-atom button-atom--secondary bde-button__button\" href=\"#pohimotted\" target=\"_self\" data-type=\"url\"  >\n\n    \n        <span class=\"button-atom__text\">Read more<\/span>\n\n        \n        \n                <\/a>\n\n    \n\n\n<\/div>\n<\/div><\/div><\/div>\n<\/section><section id=\"pohimotted\" class=\"bde-section-575-149 bde-section\">\n  \n  \n\t\n\n\n\n<div class=\"section-container\"><div class=\"bde-columns-575-150 bde-columns\"><div class=\"bde-column-575-151 bde-column\">\n  \n  \n\t\n\n\n\n<h3 class=\"bde-heading-575-153 bde-heading\">\nA knowledge-based team\n<\/h3>\n<\/div><div class=\"bde-column-575-152 bde-column\">\n  \n  \n\t\n\n\n\n<div class=\"bde-text-575-154 bde-text\">\nWe divide our team of experts into two groups: those who contribute their know-how and experience; and those who fulfil specific tasks by a specific deadline. The more a person knows and the more experienced they are, the more freedom they enjoy in choosing how to approach their work.<br><br>Of course, with greater freedom comes greater responsibility. In working for us, everyone has the chance to acquire the knowledge and experience they need, gaining more freedom and more responsibility in the process.\n<\/div>\n<\/div><\/div><div class=\"bde-columns-575-155 bde-columns\"><div class=\"bde-column-575-156 bde-column\">\n  \n  \n\t\n\n\n\n<h3 class=\"bde-heading-575-157 bde-heading\">\nTeams instead of departments\n<\/h3>\n<\/div><div class=\"bde-column-575-158 bde-column\">\n  \n  \n\t\n\n\n\n<div class=\"bde-text-575-159 bde-text\">\nWe have long since abandoned a department-based structure, instead taking a team-based approach. Our project managers assemble suitable teams for every project. Management only enters into a contract with the client once the team has been formed and agrees to do the work by the deadline and to the budget set by them.<br><br>This engenders in the team a sense of responsibility for the project and precludes them from being forced into taking something on they would rather not.\n<\/div>\n<\/div><\/div><div class=\"bde-columns-575-290 bde-columns\"><div class=\"bde-column-575-291 bde-column\">\n  \n  \n\t\n\n\n\n<h3 class=\"bde-heading-575-292 bde-heading\">\nManagement supports rather than commands\n<\/h3>\n<\/div><div class=\"bde-column-575-293 bde-column\">\n  \n  \n\t\n\n\n\n<div class=\"bde-text-575-294 bde-text\">\nWe have completely changed the role of management in Sirkel &amp; Mall. Previously it took a top-down approach, dictating what to do, how it should be done and at what cost, but today it has become a support team that takes care of all the things that help staff do their best work:<br><br>everything from conditions in the company (working space, IT, software, processes, salaries and events) to the sales process (looking for clients and entering into contracts) and developing processes for everyone to use.\n<\/div>\n<\/div><\/div><div class=\"bde-columns-575-285 bde-columns\"><div class=\"bde-column-575-286 bde-column\">\n  \n  \n\t\n\n\n\n<h3 class=\"bde-heading-575-287 bde-heading\">\nA consulting company with a common goal\n<\/h3>\n<\/div><div class=\"bde-column-575-288 bde-column\">\n  \n  \n\t\n\n\n\n<div class=\"bde-text-575-289 bde-text\">\nWe no longer define ourselves as a design company, but as a consulting company.<br><br>As a consultant, you have to be capable of utilising your know-how to offer added value.\n<\/div>\n<\/div><\/div><div class=\"bde-columns-575-280 bde-columns\"><div class=\"bde-column-575-281 bde-column\">\n  \n  \n\t\n\n\n\n<h3 class=\"bde-heading-575-282 bde-heading\">\nTeamwork for the benefit of clients: IPD in our company\n<\/h3>\n<\/div><div class=\"bde-column-575-283 bde-column\">\n  \n  \n\t\n\n\n\n<div class=\"bde-text-575-284 bde-text\">\nTasks are divided up the smart way in Sirkel &amp; Mall, because when it comes to projects and the company as a whole, integrated delivery matters. The team effect manifests itself when goals are set collectively for the team and individually for its members, who in achieving their own objectives help to achieve those of the entire team.<br><br>Our salary system is based on team results \u2013 and has been shown to work.\n<\/div>\n<\/div><\/div><div class=\"bde-columns-575-275 bde-columns\"><div class=\"bde-column-575-276 bde-column\">\n  \n  \n\t\n\n\n\n<h3 class=\"bde-heading-575-277 bde-heading\">\n80% workload, 20% wiggle room\n<\/h3>\n<\/div><div class=\"bde-column-575-278 bde-column\">\n  \n  \n\t\n\n\n\n<div class=\"bde-text-575-279 bde-text\">\nWe never overload our teams or keep them 100% busy 100% of the time, because in our experience around 20% of every project constitutes changes, corrections and extra work. The project manager factors this in for everyone on the team, ensuring they have the wiggle room they need and thus avoiding the stress that a lack of time tends to cause. After all, stress leads to mistakes and saps people\u2019s will and ability to work \u2013 the end result being substandard projects and unhappy clients.<br><br>And since it is the team themselves who agree to take on a project, there is no element of being forced into doing something by management.\n<\/div>\n<\/div><\/div><div class=\"bde-columns-575-270 bde-columns\"><div class=\"bde-column-575-271 bde-column\">\n  \n  \n\t\n\n\n\n<h3 class=\"bde-heading-575-272 bde-heading\">\nNot staff, but specialists: no more 9 to 5\n<\/h3>\n<\/div><div class=\"bde-column-575-273 bde-column\">\n  \n  \n\t\n\n\n\n<div class=\"bde-text-575-274 bde-text\">\nJust about everyone on our team has higher education and doesn\u2019t need to have strict rules imposed on them to be good at what they do. Quite the reverse: give smart people the freedom to choose how they go about their work and they will be much better at it.<br><br>The only limits they have to work within are the those set by their team \u2013 and the understanding that with freedom comes responsibility.\n<\/div>\n<\/div><\/div><div class=\"bde-columns-575-265 bde-columns\"><div class=\"bde-column-575-266 bde-column\">\n  \n  \n\t\n\n\n\n<h3 class=\"bde-heading-575-267 bde-heading\">\nEvery solution has to be the best available \u2013 and its choice has to be justified\n<\/h3>\n<\/div><div class=\"bde-column-575-268 bde-column\">\n  \n  \n\t\n\n\n\n<div class=\"bde-text-575-269 bde-text\">\nOur projects aren\u2019t the result of random choices. Rather, every choice we make \u2013 like every material we choose and every solution we opt for \u2013 is for good reason, and a reason we are happy to share. We select the best option in each case by analysing all of the options available to us, guided by criteria like price, quality, suitability and conformity.<br><br>Only that way can we be sure that the building we are providing for the client is the right one, not a random one.\n<\/div>\n<\/div><\/div><div class=\"bde-columns-575-260 bde-columns\"><div class=\"bde-column-575-261 bde-column\">\n  \n  \n\t\n\n\n\n<h3 class=\"bde-heading-575-262 bde-heading\">\nWe always keep the cost of construction and materials in mind\n<\/h3>\n<\/div><div class=\"bde-column-575-263 bde-column\">\n  \n  \n\t\n\n\n\n<div class=\"bde-text-575-264 bde-text\">\nIn planning projects we are aware of the cost of materials and the construction price of solutions.<br><br>By taking these into account we are able to offer the client an optimised project which is both feasible and affordable.\n<\/div>\n<\/div><\/div><div class=\"bde-columns-575-255 bde-columns\"><div class=\"bde-column-575-256 bde-column\">\n  \n  \n\t\n\n\n\n<h3 class=\"bde-heading-575-257 bde-heading\">\nInnovation with on-time delivery\n<\/h3>\n<\/div><div class=\"bde-column-575-258 bde-column\">\n  \n  \n\t\n\n\n\n<div class=\"bde-text-575-259 bde-text\">\nIn Sirkel &amp; Mall, innovation isn\u2019t just about new materials or software, but how we shape our management culture and how we motivate our highly educated team to do more (and to do it even more smartly) in less time.<br><br>How a person feels in a company is important and is reflected in their ability to contribute to the company\u2019s development. We don\u2019t treat our people as mere employees, but as team members, and we help them achieve their goals so that the company can achieve its own.\n<\/div>\n<\/div><\/div><div class=\"bde-columns-575-250 bde-columns\"><div class=\"bde-column-575-251 bde-column\">\n  \n  \n\t\n\n\n\n<h3 class=\"bde-heading-575-252 bde-heading\">\nChecklist\n<\/h3>\n<\/div><div class=\"bde-column-575-253 bde-column\">\n  \n  \n\t\n\n\n\n<div class=\"bde-text-575-254 bde-text\">\nTo limit the number of mistakes that arise in the course of projects, we have implemented a checklist system in addition to self-checking and automated geometry checks. This system sees a project subjected to a series of standardised questions which help to further reduce the number of potential errors.<br><br>Our aim is to ensure that the project leads to no stoppages on the building site and that every component of it is chosen with great care and will have minimal impact on the environment.\n<\/div>\n<\/div><\/div><\/div>\n<\/section>","protected":false},"excerpt":{"rendered":"<p>P\u00f5him\u00f5tted Sirkel &amp; Mall meeskond tegutseb \u00fchtsete p\u00f5him\u00f5tete alusel. Kui meie v\u00e4\u00e4rtused \u00fchtivad, on meeskond tugev ja saab t\u00f6\u00f6tada efektiivselt ning p\u00fchendunult \u00a0firma eesm\u00e4rkide kohaselt. P\u00f5him\u00f5tete j\u00e4rgimisest tuleneb ettev\u00f5tte kultuur, mis kujundab meie positsiooni uute meeskonnaliikmete lisandumisel ja koost\u00f6\u00f6partnerite leidmisel. Loe l\u00e4hemalt Teadmusp\u00f5hine meeskonnaliige. Oleme oma meeskonna jaganud kaheks. Osad panustavad kogemuste ja teadmistega, teised [&hellip;]<\/p>\n","protected":false},"author":1,"featured_media":0,"parent":0,"menu_order":0,"comment_status":"closed","ping_status":"closed","template":"","meta":{"_acf_changed":false,"_breakdance_hide_in_design_set":false,"_breakdance_tags":"","footnotes":""},"class_list":["post-575","page","type-page","status-publish","hentry"],"acf":[],"yoast_head":"<!-- This site is optimized with the Yoast SEO plugin v27.5 - https:\/\/yoast.com\/product\/yoast-seo-wordpress\/ -->\n<title>P\u00f5him\u00f5tted - Sirkel &amp; Mall<\/title>\n<meta name=\"description\" content=\"Meil on omad p\u00f5him\u00f5tted: mille j\u00e4rgi me t\u00f6\u00f6tame, mida v\u00e4\u00e4rtustame ja mille j\u00e4rgi valime oma meeskonnalikmeid.\" \/>\n<meta name=\"robots\" content=\"index, follow, max-snippet:-1, max-image-preview:large, max-video-preview:-1\" \/>\n<link rel=\"canonical\" href=\"https:\/\/sma.ee\/en\/our-principles\/\" \/>\n<meta property=\"og:locale\" content=\"en_GB\" \/>\n<meta property=\"og:type\" content=\"article\" \/>\n<meta property=\"og:title\" content=\"P\u00f5him\u00f5tted - Sirkel &amp; Mall\" \/>\n<meta property=\"og:description\" content=\"Meil on omad p\u00f5him\u00f5tted: mille j\u00e4rgi me t\u00f6\u00f6tame, mida v\u00e4\u00e4rtustame ja mille j\u00e4rgi valime oma meeskonnalikmeid.\" \/>\n<meta property=\"og:url\" content=\"https:\/\/sma.ee\/en\/our-principles\/\" \/>\n<meta property=\"og:site_name\" content=\"Sirkel &amp; Mall\" \/>\n<meta property=\"article:publisher\" content=\"https:\/\/www.facebook.com\/sirkelandmall\" \/>\n<meta property=\"article:modified_time\" content=\"2024-09-09T09:06:28+00:00\" \/>\n<meta name=\"twitter:card\" content=\"summary_large_image\" \/>\n<meta name=\"twitter:label1\" content=\"Estimated reading time\" \/>\n\t<meta name=\"twitter:data1\" content=\"4 minutes\" \/>\n<script type=\"application\/ld+json\" class=\"yoast-schema-graph\">{\"@context\":\"https:\\\/\\\/schema.org\",\"@graph\":[{\"@type\":\"WebPage\",\"@id\":\"https:\\\/\\\/sma.ee\\\/pohimotted\\\/\",\"url\":\"https:\\\/\\\/sma.ee\\\/pohimotted\\\/\",\"name\":\"P\u00f5him\u00f5tted - Sirkel &amp; Mall\",\"isPartOf\":{\"@id\":\"https:\\\/\\\/sma.ee\\\/#website\"},\"datePublished\":\"2024-03-04T08:57:03+00:00\",\"dateModified\":\"2024-09-09T09:06:28+00:00\",\"description\":\"Meil on omad p\u00f5him\u00f5tted: mille j\u00e4rgi me t\u00f6\u00f6tame, mida v\u00e4\u00e4rtustame ja mille j\u00e4rgi valime oma meeskonnalikmeid.\",\"breadcrumb\":{\"@id\":\"https:\\\/\\\/sma.ee\\\/pohimotted\\\/#breadcrumb\"},\"inLanguage\":\"en-GB\",\"potentialAction\":[{\"@type\":\"ReadAction\",\"target\":[\"https:\\\/\\\/sma.ee\\\/pohimotted\\\/\"]}]},{\"@type\":\"BreadcrumbList\",\"@id\":\"https:\\\/\\\/sma.ee\\\/pohimotted\\\/#breadcrumb\",\"itemListElement\":[{\"@type\":\"ListItem\",\"position\":1,\"name\":\"Home\",\"item\":\"https:\\\/\\\/sma.ee\\\/\"},{\"@type\":\"ListItem\",\"position\":2,\"name\":\"P\u00f5him\u00f5tted\"}]},{\"@type\":\"WebSite\",\"@id\":\"https:\\\/\\\/sma.ee\\\/#website\",\"url\":\"https:\\\/\\\/sma.ee\\\/\",\"name\":\"Sirkel & Mall\",\"description\":\"Estonia's best architecture firm\",\"publisher\":{\"@id\":\"https:\\\/\\\/sma.ee\\\/#organization\"},\"potentialAction\":[{\"@type\":\"SearchAction\",\"target\":{\"@type\":\"EntryPoint\",\"urlTemplate\":\"https:\\\/\\\/sma.ee\\\/?s={search_term_string}\"},\"query-input\":{\"@type\":\"PropertyValueSpecification\",\"valueRequired\":true,\"valueName\":\"search_term_string\"}}],\"inLanguage\":\"en-GB\"},{\"@type\":\"Organization\",\"@id\":\"https:\\\/\\\/sma.ee\\\/#organization\",\"name\":\"Sirkel & Mall\",\"url\":\"https:\\\/\\\/sma.ee\\\/\",\"logo\":{\"@type\":\"ImageObject\",\"inLanguage\":\"en-GB\",\"@id\":\"https:\\\/\\\/sma.ee\\\/#\\\/schema\\\/logo\\\/image\\\/\",\"url\":\"https:\\\/\\\/sma.ee\\\/wp-content\\\/uploads\\\/2024\\\/02\\\/cropped-cropped-SirkelMall_icon512-2.png\",\"contentUrl\":\"https:\\\/\\\/sma.ee\\\/wp-content\\\/uploads\\\/2024\\\/02\\\/cropped-cropped-SirkelMall_icon512-2.png\",\"width\":512,\"height\":512,\"caption\":\"Sirkel & Mall\"},\"image\":{\"@id\":\"https:\\\/\\\/sma.ee\\\/#\\\/schema\\\/logo\\\/image\\\/\"},\"sameAs\":[\"https:\\\/\\\/www.facebook.com\\\/sirkelandmall\",\"https:\\\/\\\/www.linkedin.com\\\/company\\\/sirkeljamall\"]}]}<\/script>\n<!-- \/ Yoast SEO plugin. -->","yoast_head_json":{"title":"P\u00f5him\u00f5tted - Sirkel &amp; Mall","description":"Meil on omad p\u00f5him\u00f5tted: mille j\u00e4rgi me t\u00f6\u00f6tame, mida v\u00e4\u00e4rtustame ja mille j\u00e4rgi valime oma meeskonnalikmeid.","robots":{"index":"index","follow":"follow","max-snippet":"max-snippet:-1","max-image-preview":"max-image-preview:large","max-video-preview":"max-video-preview:-1"},"canonical":"https:\/\/sma.ee\/en\/our-principles\/","og_locale":"en_GB","og_type":"article","og_title":"P\u00f5him\u00f5tted - Sirkel &amp; Mall","og_description":"Meil on omad p\u00f5him\u00f5tted: mille j\u00e4rgi me t\u00f6\u00f6tame, mida v\u00e4\u00e4rtustame ja mille j\u00e4rgi valime oma meeskonnalikmeid.","og_url":"https:\/\/sma.ee\/en\/our-principles\/","og_site_name":"Sirkel &amp; Mall","article_publisher":"https:\/\/www.facebook.com\/sirkelandmall","article_modified_time":"2024-09-09T09:06:28+00:00","twitter_card":"summary_large_image","twitter_misc":{"Estimated reading time":"4 minutes"},"schema":{"@context":"https:\/\/schema.org","@graph":[{"@type":"WebPage","@id":"https:\/\/sma.ee\/pohimotted\/","url":"https:\/\/sma.ee\/pohimotted\/","name":"P\u00f5him\u00f5tted - Sirkel &amp; Mall","isPartOf":{"@id":"https:\/\/sma.ee\/#website"},"datePublished":"2024-03-04T08:57:03+00:00","dateModified":"2024-09-09T09:06:28+00:00","description":"Meil on omad p\u00f5him\u00f5tted: mille j\u00e4rgi me t\u00f6\u00f6tame, mida v\u00e4\u00e4rtustame ja mille j\u00e4rgi valime oma meeskonnalikmeid.","breadcrumb":{"@id":"https:\/\/sma.ee\/pohimotted\/#breadcrumb"},"inLanguage":"en-GB","potentialAction":[{"@type":"ReadAction","target":["https:\/\/sma.ee\/pohimotted\/"]}]},{"@type":"BreadcrumbList","@id":"https:\/\/sma.ee\/pohimotted\/#breadcrumb","itemListElement":[{"@type":"ListItem","position":1,"name":"Home","item":"https:\/\/sma.ee\/"},{"@type":"ListItem","position":2,"name":"P\u00f5him\u00f5tted"}]},{"@type":"WebSite","@id":"https:\/\/sma.ee\/#website","url":"https:\/\/sma.ee\/","name":"Sirkel &amp; Mall","description":"Estonia's best architecture firm","publisher":{"@id":"https:\/\/sma.ee\/#organization"},"potentialAction":[{"@type":"SearchAction","target":{"@type":"EntryPoint","urlTemplate":"https:\/\/sma.ee\/?s={search_term_string}"},"query-input":{"@type":"PropertyValueSpecification","valueRequired":true,"valueName":"search_term_string"}}],"inLanguage":"en-GB"},{"@type":"Organization","@id":"https:\/\/sma.ee\/#organization","name":"Sirkel &amp; Mall","url":"https:\/\/sma.ee\/","logo":{"@type":"ImageObject","inLanguage":"en-GB","@id":"https:\/\/sma.ee\/#\/schema\/logo\/image\/","url":"https:\/\/sma.ee\/wp-content\/uploads\/2024\/02\/cropped-cropped-SirkelMall_icon512-2.png","contentUrl":"https:\/\/sma.ee\/wp-content\/uploads\/2024\/02\/cropped-cropped-SirkelMall_icon512-2.png","width":512,"height":512,"caption":"Sirkel & Mall"},"image":{"@id":"https:\/\/sma.ee\/#\/schema\/logo\/image\/"},"sameAs":["https:\/\/www.facebook.com\/sirkelandmall","https:\/\/www.linkedin.com\/company\/sirkeljamall"]}]}},"_links":{"self":[{"href":"https:\/\/sma.ee\/en\/wp-json\/wp\/v2\/pages\/575","targetHints":{"allow":["GET"]}}],"collection":[{"href":"https:\/\/sma.ee\/en\/wp-json\/wp\/v2\/pages"}],"about":[{"href":"https:\/\/sma.ee\/en\/wp-json\/wp\/v2\/types\/page"}],"author":[{"embeddable":true,"href":"https:\/\/sma.ee\/en\/wp-json\/wp\/v2\/users\/1"}],"replies":[{"embeddable":true,"href":"https:\/\/sma.ee\/en\/wp-json\/wp\/v2\/comments?post=575"}],"version-history":[{"count":20,"href":"https:\/\/sma.ee\/en\/wp-json\/wp\/v2\/pages\/575\/revisions"}],"predecessor-version":[{"id":3076,"href":"https:\/\/sma.ee\/en\/wp-json\/wp\/v2\/pages\/575\/revisions\/3076"}],"wp:attachment":[{"href":"https:\/\/sma.ee\/en\/wp-json\/wp\/v2\/media?parent=575"}],"curies":[{"name":"wp","href":"https:\/\/api.w.org\/{rel}","templated":true}]}}