{"id":592,"date":"2024-03-04T09:32:22","date_gmt":"2024-03-04T09:32:22","guid":{"rendered":"https:\/\/sma.ee\/?page_id=592"},"modified":"2024-09-09T09:00:29","modified_gmt":"2024-09-09T09:00:29","slug":"liitumeiega","status":"publish","type":"page","link":"https:\/\/sma.ee\/en\/liitumeiega\/","title":{"rendered":"Join us"},"content":{"rendered":"<section class=\"bde-section-592-117 bde-section\">\n  \n  \n\t\n\n\n\n<div class=\"section-container\"><h1 class=\"bde-heading-592-118 bde-heading\">\nJoin us\n<\/h1><div class=\"bde-fancy-divider-592-119 bde-fancy-divider\">\n\n\n<div class=\"bde-fancy-divider__wrapper\">\n  <div class=\"bde-fancy-divider__separator\">\n  \t  <\/div>\n<\/div>\n\n<\/div><\/div>\n<\/section><section class=\"bde-section-592-107 bde-section\">\n  \n  \n\t\n\n\n\n<div class=\"section-container\"><div class=\"bde-columns-592-108 bde-columns\"><div class=\"bde-column-592-109 bde-column\">\n  \n  \n\t\n\n\n\n<h1 class=\"bde-heading-592-121 bde-heading\">\nAre you an architect, engineer or structural engineering lead?\n<\/h1><div class=\"bde-rich-text-592-111 bde-rich-text breakdance-rich-text-styles\">\n<p>Are you looking to make a name for yourself in a flexible workplace that gives you the freedom you want and plenty of challenges but at the same time a wealth of training opportunities and the support of a team?<br \/>Perhaps you\u2019ve thought about becoming a consultant rather than being bound by a fixed contract.<\/p>\n<p>With us you\u2019ll enjoy the freedom to choose which projects you work on, what hours you work and what approach you take. You\u2019ll be among professionals who value smooth teamwork and a good sense of humour.<br \/>We offer challenging rather than stressful work which will seem more like a hobby than a 9-5.<\/p>\n<p>Whether you\u2019re an architect, a structural engineer or a designer, if you feel there could be a place for you in an international company and <strong>Sirkel &amp; Malli<\/strong> objectives and culture speak to you, get in touch with us and let\u2019s talk about your ambitions! E-mail your contact details to\u00a0<a href=\"mailto:%20info@sma.ee\">info@sma.ee<\/a>.<\/p>\n<\/div>\n<\/div><div class=\"bde-column-592-110 bde-column\">\n  \n  \n\t\n\n\n\n<h1 class=\"bde-heading-592-122 bde-heading\">\nAn amazing team, exacting clients and challenging projects\n<\/h1><div class=\"bde-rich-text-592-112 bde-rich-text breakdance-rich-text-styles\">\n<p>Sirkel &amp; Mall was founded in 2005. Today we have a team of more than 40 highly qualified specialists,\nas well as a great reputation, strong values, a sustainable structure and smart project solutions. All this has secured us a substantial portfolio of clients, and our exports to the Scandinavian market are growing every year.<\/p>\n<\/div><h1 class=\"bde-heading-592-124 bde-heading\">\nA motivated team that sticks together\n<\/h1><div class=\"bde-rich-text-592-123 bde-rich-text breakdance-rich-text-styles\">\n<p>Sirkel &amp; Mall\u2019s doors are always open to ambitious engineers looking to do big things. Creative thinking and the requisite know-how are the keys here. Our team is our greatest asset: there\u2019s no place in our company for mediocrity.<\/p>\n<p>Our incentive package includes a sports allowance, fun company events and an incredibly supportive team.<\/p>\n<\/div>\n<\/div><\/div><div class=\"bde-video-592-113 bde-video\">\n<div class=\"ee-video-container\">\n                                                                        \n                <lite-youtube\n                        videoid=\"lar4gLGSfsA\"\n                                                style=\"background-image: url(https:\/\/i.ytimg.com\/vi\/lar4gLGSfsA\/maxresdefault.jpg); \"\n                        class=\"ee-video\"\n                        title=\"\"\n                        params=\"&playsinline=0&rel=0&enablejsapi=1\"\n                >\n                <\/lite-youtube>\n                    \n        \n            \n    <\/div>\n\n<\/div><\/div>\n<\/section>","protected":false},"excerpt":{"rendered":"<p>Liitu meiega Hea arhitekt, insener ja juhtivkonstruktor! Kas Sa sooviksid end teostada paindlikus t\u00f6\u00f6keskkonnas, kus Sulle antakse piisavalt tegutsemisvabadust ja uusi v\u00e4ljakutseid, samal ajal ka meeskonna toetust ja mitmek\u00fclgseid koolitusv\u00f5imalusi?V\u00f5ib olla oled m\u00f5elnud t\u00f6\u00f6lepingu asemel hoopis konsultandi rollis t\u00f6\u00f6tamise peale? Meie juures on Sul\u00a0vabadus valida endale sobivad projektid, t\u00f6\u00f6aeg ja meetodid. Kuulud professionaalsesse tiimi, kes [&hellip;]<\/p>\n","protected":false},"author":1,"featured_media":0,"parent":0,"menu_order":0,"comment_status":"closed","ping_status":"closed","template":"","meta":{"_acf_changed":false,"_breakdance_hide_in_design_set":false,"_breakdance_tags":"","footnotes":""},"class_list":["post-592","page","type-page","status-publish","hentry"],"acf":[],"yoast_head":"<!-- This site is optimized with the Yoast SEO plugin v27.4 - https:\/\/yoast.com\/product\/yoast-seo-wordpress\/ -->\n<title>Liitu meiega - Sirkel &amp; Mall<\/title>\n<meta name=\"description\" content=\"Siit leiad info vabade t\u00f6\u00f6kohtade kohta projekteerimise ja arhitektuuri valdkonnas. Head arhitektid, insenerid ja projekteerijad on meile alati oodatud!\" \/>\n<meta name=\"robots\" content=\"index, follow, max-snippet:-1, max-image-preview:large, max-video-preview:-1\" \/>\n<link rel=\"canonical\" href=\"https:\/\/sma.ee\/en\/join-us\/\" \/>\n<meta property=\"og:locale\" content=\"en_GB\" \/>\n<meta property=\"og:type\" content=\"article\" \/>\n<meta property=\"og:title\" content=\"Liitu meiega - Sirkel &amp; Mall\" \/>\n<meta property=\"og:description\" content=\"Siit leiad info vabade t\u00f6\u00f6kohtade kohta projekteerimise ja arhitektuuri valdkonnas. Head arhitektid, insenerid ja projekteerijad on meile alati oodatud!\" \/>\n<meta property=\"og:url\" content=\"https:\/\/sma.ee\/en\/join-us\/\" \/>\n<meta property=\"og:site_name\" content=\"Sirkel &amp; Mall\" \/>\n<meta property=\"article:publisher\" content=\"https:\/\/www.facebook.com\/sirkelandmall\" \/>\n<meta property=\"article:modified_time\" content=\"2024-09-09T09:00:29+00:00\" \/>\n<meta name=\"twitter:card\" content=\"summary_large_image\" \/>\n<meta name=\"twitter:label1\" content=\"Estimated reading time\" \/>\n\t<meta name=\"twitter:data1\" content=\"2 minutes\" \/>\n<script type=\"application\/ld+json\" class=\"yoast-schema-graph\">{\"@context\":\"https:\\\/\\\/schema.org\",\"@graph\":[{\"@type\":\"WebPage\",\"@id\":\"https:\\\/\\\/sma.ee\\\/liitumeiega\\\/\",\"url\":\"https:\\\/\\\/sma.ee\\\/liitumeiega\\\/\",\"name\":\"Liitu meiega - Sirkel &amp; Mall\",\"isPartOf\":{\"@id\":\"https:\\\/\\\/sma.ee\\\/#website\"},\"datePublished\":\"2024-03-04T09:32:22+00:00\",\"dateModified\":\"2024-09-09T09:00:29+00:00\",\"description\":\"Siit leiad info vabade t\u00f6\u00f6kohtade kohta projekteerimise ja arhitektuuri valdkonnas. Head arhitektid, insenerid ja projekteerijad on meile alati oodatud!\",\"breadcrumb\":{\"@id\":\"https:\\\/\\\/sma.ee\\\/liitumeiega\\\/#breadcrumb\"},\"inLanguage\":\"en-GB\",\"potentialAction\":[{\"@type\":\"ReadAction\",\"target\":[\"https:\\\/\\\/sma.ee\\\/liitumeiega\\\/\"]}]},{\"@type\":\"BreadcrumbList\",\"@id\":\"https:\\\/\\\/sma.ee\\\/liitumeiega\\\/#breadcrumb\",\"itemListElement\":[{\"@type\":\"ListItem\",\"position\":1,\"name\":\"Home\",\"item\":\"https:\\\/\\\/sma.ee\\\/\"},{\"@type\":\"ListItem\",\"position\":2,\"name\":\"Liitu meiega\"}]},{\"@type\":\"WebSite\",\"@id\":\"https:\\\/\\\/sma.ee\\\/#website\",\"url\":\"https:\\\/\\\/sma.ee\\\/\",\"name\":\"Sirkel & Mall\",\"description\":\"Estonia's best architecture firm\",\"publisher\":{\"@id\":\"https:\\\/\\\/sma.ee\\\/#organization\"},\"potentialAction\":[{\"@type\":\"SearchAction\",\"target\":{\"@type\":\"EntryPoint\",\"urlTemplate\":\"https:\\\/\\\/sma.ee\\\/?s={search_term_string}\"},\"query-input\":{\"@type\":\"PropertyValueSpecification\",\"valueRequired\":true,\"valueName\":\"search_term_string\"}}],\"inLanguage\":\"en-GB\"},{\"@type\":\"Organization\",\"@id\":\"https:\\\/\\\/sma.ee\\\/#organization\",\"name\":\"Sirkel & Mall\",\"url\":\"https:\\\/\\\/sma.ee\\\/\",\"logo\":{\"@type\":\"ImageObject\",\"inLanguage\":\"en-GB\",\"@id\":\"https:\\\/\\\/sma.ee\\\/#\\\/schema\\\/logo\\\/image\\\/\",\"url\":\"https:\\\/\\\/sma.ee\\\/wp-content\\\/uploads\\\/2024\\\/02\\\/cropped-cropped-SirkelMall_icon512-2.png\",\"contentUrl\":\"https:\\\/\\\/sma.ee\\\/wp-content\\\/uploads\\\/2024\\\/02\\\/cropped-cropped-SirkelMall_icon512-2.png\",\"width\":512,\"height\":512,\"caption\":\"Sirkel & Mall\"},\"image\":{\"@id\":\"https:\\\/\\\/sma.ee\\\/#\\\/schema\\\/logo\\\/image\\\/\"},\"sameAs\":[\"https:\\\/\\\/www.facebook.com\\\/sirkelandmall\",\"https:\\\/\\\/www.linkedin.com\\\/company\\\/sirkeljamall\"]}]}<\/script>\n<!-- \/ Yoast SEO plugin. -->","yoast_head_json":{"title":"Liitu meiega - Sirkel &amp; Mall","description":"Siit leiad info vabade t\u00f6\u00f6kohtade kohta projekteerimise ja arhitektuuri valdkonnas. Head arhitektid, insenerid ja projekteerijad on meile alati oodatud!","robots":{"index":"index","follow":"follow","max-snippet":"max-snippet:-1","max-image-preview":"max-image-preview:large","max-video-preview":"max-video-preview:-1"},"canonical":"https:\/\/sma.ee\/en\/join-us\/","og_locale":"en_GB","og_type":"article","og_title":"Liitu meiega - Sirkel &amp; Mall","og_description":"Siit leiad info vabade t\u00f6\u00f6kohtade kohta projekteerimise ja arhitektuuri valdkonnas. Head arhitektid, insenerid ja projekteerijad on meile alati oodatud!","og_url":"https:\/\/sma.ee\/en\/join-us\/","og_site_name":"Sirkel &amp; Mall","article_publisher":"https:\/\/www.facebook.com\/sirkelandmall","article_modified_time":"2024-09-09T09:00:29+00:00","twitter_card":"summary_large_image","twitter_misc":{"Estimated reading time":"2 minutes"},"schema":{"@context":"https:\/\/schema.org","@graph":[{"@type":"WebPage","@id":"https:\/\/sma.ee\/liitumeiega\/","url":"https:\/\/sma.ee\/liitumeiega\/","name":"Liitu meiega - Sirkel &amp; Mall","isPartOf":{"@id":"https:\/\/sma.ee\/#website"},"datePublished":"2024-03-04T09:32:22+00:00","dateModified":"2024-09-09T09:00:29+00:00","description":"Siit leiad info vabade t\u00f6\u00f6kohtade kohta projekteerimise ja arhitektuuri valdkonnas. Head arhitektid, insenerid ja projekteerijad on meile alati oodatud!","breadcrumb":{"@id":"https:\/\/sma.ee\/liitumeiega\/#breadcrumb"},"inLanguage":"en-GB","potentialAction":[{"@type":"ReadAction","target":["https:\/\/sma.ee\/liitumeiega\/"]}]},{"@type":"BreadcrumbList","@id":"https:\/\/sma.ee\/liitumeiega\/#breadcrumb","itemListElement":[{"@type":"ListItem","position":1,"name":"Home","item":"https:\/\/sma.ee\/"},{"@type":"ListItem","position":2,"name":"Liitu meiega"}]},{"@type":"WebSite","@id":"https:\/\/sma.ee\/#website","url":"https:\/\/sma.ee\/","name":"Sirkel &amp; Mall","description":"Estonia's best architecture firm","publisher":{"@id":"https:\/\/sma.ee\/#organization"},"potentialAction":[{"@type":"SearchAction","target":{"@type":"EntryPoint","urlTemplate":"https:\/\/sma.ee\/?s={search_term_string}"},"query-input":{"@type":"PropertyValueSpecification","valueRequired":true,"valueName":"search_term_string"}}],"inLanguage":"en-GB"},{"@type":"Organization","@id":"https:\/\/sma.ee\/#organization","name":"Sirkel &amp; Mall","url":"https:\/\/sma.ee\/","logo":{"@type":"ImageObject","inLanguage":"en-GB","@id":"https:\/\/sma.ee\/#\/schema\/logo\/image\/","url":"https:\/\/sma.ee\/wp-content\/uploads\/2024\/02\/cropped-cropped-SirkelMall_icon512-2.png","contentUrl":"https:\/\/sma.ee\/wp-content\/uploads\/2024\/02\/cropped-cropped-SirkelMall_icon512-2.png","width":512,"height":512,"caption":"Sirkel & Mall"},"image":{"@id":"https:\/\/sma.ee\/#\/schema\/logo\/image\/"},"sameAs":["https:\/\/www.facebook.com\/sirkelandmall","https:\/\/www.linkedin.com\/company\/sirkeljamall"]}]}},"_links":{"self":[{"href":"https:\/\/sma.ee\/en\/wp-json\/wp\/v2\/pages\/592","targetHints":{"allow":["GET"]}}],"collection":[{"href":"https:\/\/sma.ee\/en\/wp-json\/wp\/v2\/pages"}],"about":[{"href":"https:\/\/sma.ee\/en\/wp-json\/wp\/v2\/types\/page"}],"author":[{"embeddable":true,"href":"https:\/\/sma.ee\/en\/wp-json\/wp\/v2\/users\/1"}],"replies":[{"embeddable":true,"href":"https:\/\/sma.ee\/en\/wp-json\/wp\/v2\/comments?post=592"}],"version-history":[{"count":15,"href":"https:\/\/sma.ee\/en\/wp-json\/wp\/v2\/pages\/592\/revisions"}],"predecessor-version":[{"id":3077,"href":"https:\/\/sma.ee\/en\/wp-json\/wp\/v2\/pages\/592\/revisions\/3077"}],"wp:attachment":[{"href":"https:\/\/sma.ee\/en\/wp-json\/wp\/v2\/media?parent=592"}],"curies":[{"name":"wp","href":"https:\/\/api.w.org\/{rel}","templated":true}]}}